{"id":7502,"date":"2026-03-08T09:41:03","date_gmt":"2026-03-08T09:41:03","guid":{"rendered":"https:\/\/alsultansweets.com\/product\/paket-4\/"},"modified":"2026-03-13T08:24:39","modified_gmt":"2026-03-13T08:24:39","slug":"paket-4","status":"publish","type":"product","link":"https:\/\/alsultansweets.com\/tr\/urun\/paket-4\/","title":{"rendered":"Paket 4"},"content":{"rendered":"","protected":false},"excerpt":{"rendered":"<p>Kar\u0131\u015f\u0131k Baklava 1000 g<br \/>\ncevizli mamul 500 g<br \/>\nf\u0131st\u0131kl\u0131 mamul 500 g<br \/>\nHurmal\u0131 mamul 750 g<br \/>\nsusaml\u0131 kurabiye 500 g<br \/>\nUn kurabiyesi 500 g<br \/>\nDubai \u00c7ikolatas\u0131 100 g<br \/>\nSultan Kahvesi 250 g<br \/>\nMarshmallow Kremas\u0131<\/p>\n","protected":false},"featured_media":7512,"comment_status":"open","ping_status":"closed","template":"","meta":[],"product_brand":[],"product_cat":[124],"product_tag":[],"class_list":{"0":"post-7502","1":"product","2":"type-product","3":"status-publish","4":"has-post-thumbnail","6":"product_cat-bayram-paketi","7":"product_shipping_class-eid-large","9":"first","10":"instock","11":"sale","12":"taxable","13":"shipping-taxable","14":"purchasable","15":"product-type-simple"},"jetpack_sharing_enabled":true,"_links":{"self":[{"href":"https:\/\/alsultansweets.com\/tr\/wp-json\/wp\/v2\/product\/7502","targetHints":{"allow":["GET"]}}],"collection":[{"href":"https:\/\/alsultansweets.com\/tr\/wp-json\/wp\/v2\/product"}],"about":[{"href":"https:\/\/alsultansweets.com\/tr\/wp-json\/wp\/v2\/types\/product"}],"replies":[{"embeddable":true,"href":"https:\/\/alsultansweets.com\/tr\/wp-json\/wp\/v2\/comments?post=7502"}],"version-history":[{"count":1,"href":"https:\/\/alsultansweets.com\/tr\/wp-json\/wp\/v2\/product\/7502\/revisions"}],"predecessor-version":[{"id":7513,"href":"https:\/\/alsultansweets.com\/tr\/wp-json\/wp\/v2\/product\/7502\/revisions\/7513"}],"wp:featuredmedia":[{"embeddable":true,"href":"https:\/\/alsultansweets.com\/tr\/wp-json\/wp\/v2\/media\/7512"}],"wp:attachment":[{"href":"https:\/\/alsultansweets.com\/tr\/wp-json\/wp\/v2\/media?parent=7502"}],"wp:term":[{"taxonomy":"product_brand","embeddable":true,"href":"https:\/\/alsultansweets.com\/tr\/wp-json\/wp\/v2\/product_brand?post=7502"},{"taxonomy":"product_cat","embeddable":true,"href":"https:\/\/alsultansweets.com\/tr\/wp-json\/wp\/v2\/product_cat?post=7502"},{"taxonomy":"product_tag","embeddable":true,"href":"https:\/\/alsultansweets.com\/tr\/wp-json\/wp\/v2\/product_tag?post=7502"}],"curies":[{"name":"wp","href":"https:\/\/api.w.org\/{rel}","templated":true}]}}