{"id":7495,"date":"2026-03-08T09:38:15","date_gmt":"2026-03-08T09:38:15","guid":{"rendered":"https:\/\/alsultansweets.com\/product\/paket-3\/"},"modified":"2026-03-13T08:23:52","modified_gmt":"2026-03-13T08:23:52","slug":"paket-3","status":"publish","type":"product","link":"https:\/\/alsultansweets.com\/tr\/urun\/paket-3\/","title":{"rendered":"Paket 3"},"content":{"rendered":"","protected":false},"excerpt":{"rendered":"<p>Kar\u0131\u015f\u0131k Baklava 400 g<br \/>\nkar\u0131\u015f\u0131k kurabiye 600 g<br \/>\nDubai \u00c7ikolatas\u0131 100 g<\/p>\n","protected":false},"featured_media":7496,"comment_status":"open","ping_status":"closed","template":"","meta":[],"product_brand":[],"product_cat":[124],"product_tag":[],"class_list":{"0":"post-7495","1":"product","2":"type-product","3":"status-publish","4":"has-post-thumbnail","6":"product_cat-bayram-paketi","7":"product_shipping_class-eid-small","9":"first","10":"instock","11":"sale","12":"taxable","13":"shipping-taxable","14":"purchasable","15":"product-type-simple"},"jetpack_sharing_enabled":true,"_links":{"self":[{"href":"https:\/\/alsultansweets.com\/tr\/wp-json\/wp\/v2\/product\/7495","targetHints":{"allow":["GET"]}}],"collection":[{"href":"https:\/\/alsultansweets.com\/tr\/wp-json\/wp\/v2\/product"}],"about":[{"href":"https:\/\/alsultansweets.com\/tr\/wp-json\/wp\/v2\/types\/product"}],"replies":[{"embeddable":true,"href":"https:\/\/alsultansweets.com\/tr\/wp-json\/wp\/v2\/comments?post=7495"}],"version-history":[{"count":1,"href":"https:\/\/alsultansweets.com\/tr\/wp-json\/wp\/v2\/product\/7495\/revisions"}],"predecessor-version":[{"id":7511,"href":"https:\/\/alsultansweets.com\/tr\/wp-json\/wp\/v2\/product\/7495\/revisions\/7511"}],"wp:featuredmedia":[{"embeddable":true,"href":"https:\/\/alsultansweets.com\/tr\/wp-json\/wp\/v2\/media\/7496"}],"wp:attachment":[{"href":"https:\/\/alsultansweets.com\/tr\/wp-json\/wp\/v2\/media?parent=7495"}],"wp:term":[{"taxonomy":"product_brand","embeddable":true,"href":"https:\/\/alsultansweets.com\/tr\/wp-json\/wp\/v2\/product_brand?post=7495"},{"taxonomy":"product_cat","embeddable":true,"href":"https:\/\/alsultansweets.com\/tr\/wp-json\/wp\/v2\/product_cat?post=7495"},{"taxonomy":"product_tag","embeddable":true,"href":"https:\/\/alsultansweets.com\/tr\/wp-json\/wp\/v2\/product_tag?post=7495"}],"curies":[{"name":"wp","href":"https:\/\/api.w.org\/{rel}","templated":true}]}}