{"id":7494,"date":"2026-03-08T09:36:54","date_gmt":"2026-03-08T09:36:54","guid":{"rendered":"https:\/\/alsultansweets.com\/product\/paket-2\/"},"modified":"2026-03-13T08:22:33","modified_gmt":"2026-03-13T08:22:33","slug":"paket-2","status":"publish","type":"product","link":"https:\/\/alsultansweets.com\/tr\/urun\/paket-2\/","title":{"rendered":"paket 2"},"content":{"rendered":"","protected":false},"excerpt":{"rendered":"<p>kar\u0131\u015f\u0131k kurabiye 800 g<br \/>\nKar\u0131\u015f\u0131k Baklava 1000 g<br \/>\ncevizli mamul 500 g<br \/>\nf\u0131st\u0131kl\u0131 mamul 500 g<br \/>\nDubai \u00c7ikolatas\u0131 100 g<br \/>\nSultan Kahvesi 250 g<br \/>\nMarshmallow Kremas\u0131<\/p>\n","protected":false},"featured_media":7509,"comment_status":"open","ping_status":"closed","template":"","meta":[],"product_brand":[],"product_cat":[124],"product_tag":[],"class_list":{"0":"post-7494","1":"product","2":"type-product","3":"status-publish","4":"has-post-thumbnail","6":"product_cat-bayram-paketi","7":"product_shipping_class-eid-large","9":"first","10":"instock","11":"sale","12":"taxable","13":"shipping-taxable","14":"purchasable","15":"product-type-simple"},"jetpack_sharing_enabled":true,"_links":{"self":[{"href":"https:\/\/alsultansweets.com\/tr\/wp-json\/wp\/v2\/product\/7494","targetHints":{"allow":["GET"]}}],"collection":[{"href":"https:\/\/alsultansweets.com\/tr\/wp-json\/wp\/v2\/product"}],"about":[{"href":"https:\/\/alsultansweets.com\/tr\/wp-json\/wp\/v2\/types\/product"}],"replies":[{"embeddable":true,"href":"https:\/\/alsultansweets.com\/tr\/wp-json\/wp\/v2\/comments?post=7494"}],"version-history":[{"count":1,"href":"https:\/\/alsultansweets.com\/tr\/wp-json\/wp\/v2\/product\/7494\/revisions"}],"predecessor-version":[{"id":7510,"href":"https:\/\/alsultansweets.com\/tr\/wp-json\/wp\/v2\/product\/7494\/revisions\/7510"}],"wp:featuredmedia":[{"embeddable":true,"href":"https:\/\/alsultansweets.com\/tr\/wp-json\/wp\/v2\/media\/7509"}],"wp:attachment":[{"href":"https:\/\/alsultansweets.com\/tr\/wp-json\/wp\/v2\/media?parent=7494"}],"wp:term":[{"taxonomy":"product_brand","embeddable":true,"href":"https:\/\/alsultansweets.com\/tr\/wp-json\/wp\/v2\/product_brand?post=7494"},{"taxonomy":"product_cat","embeddable":true,"href":"https:\/\/alsultansweets.com\/tr\/wp-json\/wp\/v2\/product_cat?post=7494"},{"taxonomy":"product_tag","embeddable":true,"href":"https:\/\/alsultansweets.com\/tr\/wp-json\/wp\/v2\/product_tag?post=7494"}],"curies":[{"name":"wp","href":"https:\/\/api.w.org\/{rel}","templated":true}]}}