{"id":7491,"date":"2026-03-08T09:35:28","date_gmt":"2026-03-08T09:35:28","guid":{"rendered":"https:\/\/alsultansweets.com\/product\/paket-1\/"},"modified":"2026-03-16T11:46:12","modified_gmt":"2026-03-16T11:46:12","slug":"paket-1","status":"publish","type":"product","link":"https:\/\/alsultansweets.com\/tr\/urun\/paket-1\/","title":{"rendered":"Paket 1"},"content":{"rendered":"","protected":false},"excerpt":{"rendered":"<p>Kar\u0131\u015f\u0131k Baklava 800 g<br \/>\nkar\u0131\u015f\u0131k mamul 800 g<br \/>\nSultan Kahvesi 250 g<br \/>\nkar\u0131\u015f\u0131k kurabiye 800 g<br \/>\nDubai \u00c7ikolatas\u0131 100 g<br \/>\nMarshmallow Kremas\u0131<\/p>\n","protected":false},"featured_media":7531,"comment_status":"open","ping_status":"closed","template":"","meta":[],"product_brand":[],"product_cat":[124],"product_tag":[],"class_list":{"0":"post-7491","1":"product","2":"type-product","3":"status-publish","4":"has-post-thumbnail","6":"product_cat-bayram-paketi","7":"product_shipping_class-eid-large","9":"first","10":"instock","11":"sale","12":"taxable","13":"shipping-taxable","14":"purchasable","15":"product-type-simple"},"jetpack_sharing_enabled":true,"_links":{"self":[{"href":"https:\/\/alsultansweets.com\/tr\/wp-json\/wp\/v2\/product\/7491","targetHints":{"allow":["GET"]}}],"collection":[{"href":"https:\/\/alsultansweets.com\/tr\/wp-json\/wp\/v2\/product"}],"about":[{"href":"https:\/\/alsultansweets.com\/tr\/wp-json\/wp\/v2\/types\/product"}],"replies":[{"embeddable":true,"href":"https:\/\/alsultansweets.com\/tr\/wp-json\/wp\/v2\/comments?post=7491"}],"version-history":[{"count":2,"href":"https:\/\/alsultansweets.com\/tr\/wp-json\/wp\/v2\/product\/7491\/revisions"}],"predecessor-version":[{"id":7533,"href":"https:\/\/alsultansweets.com\/tr\/wp-json\/wp\/v2\/product\/7491\/revisions\/7533"}],"wp:featuredmedia":[{"embeddable":true,"href":"https:\/\/alsultansweets.com\/tr\/wp-json\/wp\/v2\/media\/7531"}],"wp:attachment":[{"href":"https:\/\/alsultansweets.com\/tr\/wp-json\/wp\/v2\/media?parent=7491"}],"wp:term":[{"taxonomy":"product_brand","embeddable":true,"href":"https:\/\/alsultansweets.com\/tr\/wp-json\/wp\/v2\/product_brand?post=7491"},{"taxonomy":"product_cat","embeddable":true,"href":"https:\/\/alsultansweets.com\/tr\/wp-json\/wp\/v2\/product_cat?post=7491"},{"taxonomy":"product_tag","embeddable":true,"href":"https:\/\/alsultansweets.com\/tr\/wp-json\/wp\/v2\/product_tag?post=7491"}],"curies":[{"name":"wp","href":"https:\/\/api.w.org\/{rel}","templated":true}]}}