{"id":6464,"date":"2025-11-12T14:52:35","date_gmt":"2025-11-12T14:52:35","guid":{"rendered":"https:\/\/alsultansweets.com\/product\/antep-fistigi-kaju-fistigi-ve-cevizli-karisik-baklava-1-kg\/"},"modified":"2025-11-12T14:52:35","modified_gmt":"2025-11-12T14:52:35","slug":"antep-fistigi-kaju-fistigi-ve-cevizli-karisik-baklava-1-kg","status":"publish","type":"product","link":"https:\/\/alsultansweets.com\/tr\/urun\/antep-fistigi-kaju-fistigi-ve-cevizli-karisik-baklava-1-kg\/","title":{"rendered":"Antep f\u0131st\u0131\u011f\u0131, kaju f\u0131st\u0131\u011f\u0131 ve cevizli kar\u0131\u015f\u0131k baklava, 1 kg"},"content":{"rendered":"","protected":false},"excerpt":{"rendered":"","protected":false},"featured_media":6452,"comment_status":"open","ping_status":"closed","template":"","meta":[],"product_brand":[],"product_cat":[94],"product_tag":[],"class_list":{"0":"post-6464","1":"product","2":"type-product","3":"status-publish","4":"has-post-thumbnail","6":"product_cat-oryantal-tatlilar","8":"first","9":"instock","10":"taxable","11":"shipping-taxable","12":"purchasable","13":"product-type-simple"},"jetpack_sharing_enabled":true,"_links":{"self":[{"href":"https:\/\/alsultansweets.com\/tr\/wp-json\/wp\/v2\/product\/6464","targetHints":{"allow":["GET"]}}],"collection":[{"href":"https:\/\/alsultansweets.com\/tr\/wp-json\/wp\/v2\/product"}],"about":[{"href":"https:\/\/alsultansweets.com\/tr\/wp-json\/wp\/v2\/types\/product"}],"replies":[{"embeddable":true,"href":"https:\/\/alsultansweets.com\/tr\/wp-json\/wp\/v2\/comments?post=6464"}],"version-history":[{"count":0,"href":"https:\/\/alsultansweets.com\/tr\/wp-json\/wp\/v2\/product\/6464\/revisions"}],"wp:featuredmedia":[{"embeddable":true,"href":"https:\/\/alsultansweets.com\/tr\/wp-json\/wp\/v2\/media\/6452"}],"wp:attachment":[{"href":"https:\/\/alsultansweets.com\/tr\/wp-json\/wp\/v2\/media?parent=6464"}],"wp:term":[{"taxonomy":"product_brand","embeddable":true,"href":"https:\/\/alsultansweets.com\/tr\/wp-json\/wp\/v2\/product_brand?post=6464"},{"taxonomy":"product_cat","embeddable":true,"href":"https:\/\/alsultansweets.com\/tr\/wp-json\/wp\/v2\/product_cat?post=6464"},{"taxonomy":"product_tag","embeddable":true,"href":"https:\/\/alsultansweets.com\/tr\/wp-json\/wp\/v2\/product_tag?post=6464"}],"curies":[{"name":"wp","href":"https:\/\/api.w.org\/{rel}","templated":true}]}}