{"id":6084,"date":"2025-06-24T17:20:53","date_gmt":"2025-06-24T17:20:53","guid":{"rendered":"https:\/\/alsultansweets.com\/product\/fistikli-dolma-1-kg\/"},"modified":"2025-10-09T12:57:14","modified_gmt":"2025-10-09T12:57:14","slug":"fistikli-dolma-1-kg","status":"publish","type":"product","link":"https:\/\/alsultansweets.com\/tr\/urun\/fistikli-dolma-1-kg\/","title":{"rendered":"F\u0131st\u0131kl\u0131 Dolma 1000 g"},"content":{"rendered":"","protected":false},"excerpt":{"rendered":"","protected":false},"featured_media":6085,"comment_status":"open","ping_status":"closed","template":"","meta":[],"product_brand":[],"product_cat":[104],"product_tag":[],"class_list":{"0":"post-6084","1":"product","2":"type-product","3":"status-publish","4":"has-post-thumbnail","6":"product_cat-turk-tatlilari","8":"first","9":"instock","10":"taxable","11":"shipping-taxable","12":"purchasable","13":"product-type-simple"},"jetpack_sharing_enabled":true,"_links":{"self":[{"href":"https:\/\/alsultansweets.com\/tr\/wp-json\/wp\/v2\/product\/6084","targetHints":{"allow":["GET"]}}],"collection":[{"href":"https:\/\/alsultansweets.com\/tr\/wp-json\/wp\/v2\/product"}],"about":[{"href":"https:\/\/alsultansweets.com\/tr\/wp-json\/wp\/v2\/types\/product"}],"replies":[{"embeddable":true,"href":"https:\/\/alsultansweets.com\/tr\/wp-json\/wp\/v2\/comments?post=6084"}],"version-history":[{"count":1,"href":"https:\/\/alsultansweets.com\/tr\/wp-json\/wp\/v2\/product\/6084\/revisions"}],"predecessor-version":[{"id":6229,"href":"https:\/\/alsultansweets.com\/tr\/wp-json\/wp\/v2\/product\/6084\/revisions\/6229"}],"wp:featuredmedia":[{"embeddable":true,"href":"https:\/\/alsultansweets.com\/tr\/wp-json\/wp\/v2\/media\/6085"}],"wp:attachment":[{"href":"https:\/\/alsultansweets.com\/tr\/wp-json\/wp\/v2\/media?parent=6084"}],"wp:term":[{"taxonomy":"product_brand","embeddable":true,"href":"https:\/\/alsultansweets.com\/tr\/wp-json\/wp\/v2\/product_brand?post=6084"},{"taxonomy":"product_cat","embeddable":true,"href":"https:\/\/alsultansweets.com\/tr\/wp-json\/wp\/v2\/product_cat?post=6084"},{"taxonomy":"product_tag","embeddable":true,"href":"https:\/\/alsultansweets.com\/tr\/wp-json\/wp\/v2\/product_tag?post=6084"}],"curies":[{"name":"wp","href":"https:\/\/api.w.org\/{rel}","templated":true}]}}