{"id":6069,"date":"2025-08-09T11:29:56","date_gmt":"2025-08-09T11:29:56","guid":{"rendered":"https:\/\/alsultansweets.com\/product\/fistikli-karisik-baklava-750-gr\/"},"modified":"2025-08-09T11:29:56","modified_gmt":"2025-08-09T11:29:56","slug":"fistikli-karisik-baklava-750-gr","status":"publish","type":"product","link":"https:\/\/alsultansweets.com\/tr\/urun\/fistikli-karisik-baklava-750-gr\/","title":{"rendered":"F\u0131st\u0131kl\u0131 kar\u0131\u015f\u0131k baklava 750 GR"},"content":{"rendered":"","protected":false},"excerpt":{"rendered":"","protected":false},"featured_media":6074,"comment_status":"open","ping_status":"closed","template":"","meta":[],"product_brand":[],"product_cat":[94],"product_tag":[],"class_list":{"0":"post-6069","1":"product","2":"type-product","3":"status-publish","4":"has-post-thumbnail","6":"product_cat-oryantal-tatlilar","8":"first","9":"instock","10":"taxable","11":"shipping-taxable","12":"purchasable","13":"product-type-simple"},"jetpack_sharing_enabled":true,"_links":{"self":[{"href":"https:\/\/alsultansweets.com\/tr\/wp-json\/wp\/v2\/product\/6069","targetHints":{"allow":["GET"]}}],"collection":[{"href":"https:\/\/alsultansweets.com\/tr\/wp-json\/wp\/v2\/product"}],"about":[{"href":"https:\/\/alsultansweets.com\/tr\/wp-json\/wp\/v2\/types\/product"}],"replies":[{"embeddable":true,"href":"https:\/\/alsultansweets.com\/tr\/wp-json\/wp\/v2\/comments?post=6069"}],"version-history":[{"count":0,"href":"https:\/\/alsultansweets.com\/tr\/wp-json\/wp\/v2\/product\/6069\/revisions"}],"wp:featuredmedia":[{"embeddable":true,"href":"https:\/\/alsultansweets.com\/tr\/wp-json\/wp\/v2\/media\/6074"}],"wp:attachment":[{"href":"https:\/\/alsultansweets.com\/tr\/wp-json\/wp\/v2\/media?parent=6069"}],"wp:term":[{"taxonomy":"product_brand","embeddable":true,"href":"https:\/\/alsultansweets.com\/tr\/wp-json\/wp\/v2\/product_brand?post=6069"},{"taxonomy":"product_cat","embeddable":true,"href":"https:\/\/alsultansweets.com\/tr\/wp-json\/wp\/v2\/product_cat?post=6069"},{"taxonomy":"product_tag","embeddable":true,"href":"https:\/\/alsultansweets.com\/tr\/wp-json\/wp\/v2\/product_tag?post=6069"}],"curies":[{"name":"wp","href":"https:\/\/api.w.org\/{rel}","templated":true}]}}