{"id":5876,"date":"2025-06-24T16:36:21","date_gmt":"2025-06-24T16:36:21","guid":{"rendered":"https:\/\/alsultansweets.com\/product\/karisik-baklava-metal-kutu-1kg\/"},"modified":"2025-10-09T12:59:03","modified_gmt":"2025-10-09T12:59:03","slug":"karisik-baklava-metal-kutu-1kg","status":"publish","type":"product","link":"https:\/\/alsultansweets.com\/tr\/urun\/karisik-baklava-metal-kutu-1kg\/","title":{"rendered":"Kar\u0131\u015f\u0131k baklava 1000 g"},"content":{"rendered":"","protected":false},"excerpt":{"rendered":"","protected":false},"featured_media":5881,"comment_status":"open","ping_status":"closed","template":"","meta":[],"product_brand":[],"product_cat":[94],"product_tag":[],"class_list":{"0":"post-5876","1":"product","2":"type-product","3":"status-publish","4":"has-post-thumbnail","6":"product_cat-oryantal-tatlilar","8":"first","9":"instock","10":"taxable","11":"shipping-taxable","12":"purchasable","13":"product-type-simple"},"jetpack_sharing_enabled":true,"_links":{"self":[{"href":"https:\/\/alsultansweets.com\/tr\/wp-json\/wp\/v2\/product\/5876","targetHints":{"allow":["GET"]}}],"collection":[{"href":"https:\/\/alsultansweets.com\/tr\/wp-json\/wp\/v2\/product"}],"about":[{"href":"https:\/\/alsultansweets.com\/tr\/wp-json\/wp\/v2\/types\/product"}],"replies":[{"embeddable":true,"href":"https:\/\/alsultansweets.com\/tr\/wp-json\/wp\/v2\/comments?post=5876"}],"version-history":[{"count":2,"href":"https:\/\/alsultansweets.com\/tr\/wp-json\/wp\/v2\/product\/5876\/revisions"}],"predecessor-version":[{"id":6232,"href":"https:\/\/alsultansweets.com\/tr\/wp-json\/wp\/v2\/product\/5876\/revisions\/6232"}],"wp:featuredmedia":[{"embeddable":true,"href":"https:\/\/alsultansweets.com\/tr\/wp-json\/wp\/v2\/media\/5881"}],"wp:attachment":[{"href":"https:\/\/alsultansweets.com\/tr\/wp-json\/wp\/v2\/media?parent=5876"}],"wp:term":[{"taxonomy":"product_brand","embeddable":true,"href":"https:\/\/alsultansweets.com\/tr\/wp-json\/wp\/v2\/product_brand?post=5876"},{"taxonomy":"product_cat","embeddable":true,"href":"https:\/\/alsultansweets.com\/tr\/wp-json\/wp\/v2\/product_cat?post=5876"},{"taxonomy":"product_tag","embeddable":true,"href":"https:\/\/alsultansweets.com\/tr\/wp-json\/wp\/v2\/product_tag?post=5876"}],"curies":[{"name":"wp","href":"https:\/\/api.w.org\/{rel}","templated":true}]}}