{"id":5897,"date":"2025-05-28T19:19:42","date_gmt":"2025-05-28T19:19:42","guid":{"rendered":"https:\/\/alsultansweets.com\/?page_id=5897"},"modified":"2025-08-25T19:38:25","modified_gmt":"2025-08-25T19:38:25","slug":"mesafeli-satis-sozlesmesi","status":"publish","type":"page","link":"https:\/\/alsultansweets.com\/tr\/mesafeli-satis-sozlesmesi\/","title":{"rendered":"Mesafeli Sat\u0131\u015f S\u00f6zle\u015fmesi"},"content":{"rendered":"\t\t<div data-elementor-type=\"wp-page\" data-elementor-id=\"5897\" class=\"elementor elementor-5897 elementor-2\">\n\t\t\t\t\t\t<section class=\"elementor-section elementor-top-section elementor-element elementor-element-09cab24 elementor-section-height-min-height elementor-section-boxed elementor-section-height-default elementor-section-items-middle e-parent\" data-id=\"09cab24\" data-element_type=\"section\" data-e-type=\"section\" data-settings=\"{&quot;background_background&quot;:&quot;classic&quot;,&quot;background_motion_fx_motion_fx_scrolling&quot;:&quot;yes&quot;,&quot;background_motion_fx_translateY_effect&quot;:&quot;yes&quot;,&quot;background_motion_fx_translateY_speed&quot;:{&quot;unit&quot;:&quot;px&quot;,&quot;size&quot;:3,&quot;sizes&quot;:[]},&quot;background_motion_fx_translateY_affectedRange&quot;:{&quot;unit&quot;:&quot;%&quot;,&quot;size&quot;:&quot;&quot;,&quot;sizes&quot;:{&quot;start&quot;:20,&quot;end&quot;:80}},&quot;background_motion_fx_devices&quot;:[&quot;mobile&quot;,&quot;mobile_extra&quot;,&quot;tablet&quot;,&quot;laptop&quot;,&quot;desktop&quot;]}\">\n\t\t\t\t\t\t\t<div class=\"elementor-background-overlay\"><\/div>\n\t\t\t\t\t\t\t<div class=\"elementor-container elementor-column-gap-no\">\n\t\t\t\t\t<div class=\"elementor-column elementor-col-50 elementor-top-column elementor-element elementor-element-779139d lakit-col-width-auto-no\" data-id=\"779139d\" data-element_type=\"column\" data-e-type=\"column\">\n\t\t\t<div class=\"elementor-widget-wrap elementor-element-populated\">\n\t\t\t\t\t\t<div class=\"elementor-element elementor-element-d0c69a6 elementor-widget elementor-widget-heading\" data-id=\"d0c69a6\" data-element_type=\"widget\" data-e-type=\"widget\" data-widget_type=\"heading.default\">\n\t\t\t\t<div class=\"elementor-widget-container\">\n\t\t\t\t\t<h1 class=\"elementor-heading-title elementor-size-default\">Mesafeli Sat\u0131\u015f S\u00f6zle\u015fmesi<\/h1>\t\t\t\t<\/div>\n\t\t\t\t<\/div>\n\t\t\t\t\t<\/div>\n\t\t<\/div>\n\t\t\t\t<div class=\"elementor-column elementor-col-50 elementor-top-column elementor-element elementor-element-9603bbb lakit-col-width-auto-no\" data-id=\"9603bbb\" data-element_type=\"column\" data-e-type=\"column\">\n\t\t\t<div class=\"elementor-widget-wrap\">\n\t\t\t\t\t\t\t<\/div>\n\t\t<\/div>\n\t\t\t\t\t<\/div>\n\t\t<\/section>\n\t\t<div class=\"elementor-element elementor-element-6bfcdb3e e-flex e-con-boxed lakit-col-width-auto-no e-container e-root-container elementor-top-section e-con e-parent\" data-id=\"6bfcdb3e\" data-element_type=\"container\" data-e-type=\"container\">\n\t\t\t\t\t<div class=\"e-con-inner\">\n\t\t\t\t<div class=\"elementor-element elementor-element-439c2db1 elementor-widget elementor-widget-text-editor\" data-id=\"439c2db1\" data-element_type=\"widget\" data-e-type=\"widget\" data-widget_type=\"text-editor.default\">\n\t\t\t\t<div class=\"elementor-widget-container\">\n\t\t\t\t\t\t\t\t\t<h3 data-start=\"234\" data-end=\"251\">1. Taraflar<\/h3>\n<p data-start=\"252\" data-end=\"372\">\u0130\u015fbu s\u00f6zle\u015fme, a\u015fa\u011f\u0131da belirtilen taraflar aras\u0131nda, a\u015fa\u011f\u0131da yer alan \u015fartlar ve h\u00fck\u00fcmler do\u011frultusunda akdedilmi\u015ftir.<\/p>\n<p data-start=\"374\" data-end=\"446\"><strong data-start=\"374\" data-end=\"394\">ALICI (M\u00fc\u015fteri):<\/strong><br data-start=\"394\" data-end=\"397\" \/>Ad\u0131 Soyad\u0131: [Al\u0131c\u0131 Ad\u0131]<br data-start=\"420\" data-end=\"423\" \/>Adres: [Al\u0131c\u0131 Adresi]<\/p>\n<p data-start=\"448\" data-end=\"693\"><strong data-start=\"448\" data-end=\"468\">SATICI (\u015eirket):<\/strong><br data-start=\"468\" data-end=\"471\" \/>Unvan: Al Sultan Sweets Uluslararas\u0131 G\u0131da Sanayi ve Ticaret Limited \u015eirketi<br data-start=\"546\" data-end=\"549\" \/>Adres: Ak\u015femseddin Mahallesi, Hal\u0131c\u0131lar Caddesi, No:29, Kat:2, Fatih \/ \u0130stanbul<br data-start=\"628\" data-end=\"631\" \/>Telefon: +90 552 322 3109<br data-start=\"656\" data-end=\"659\" \/>E-posta: <a class=\"decorated-link cursor-pointer\" rel=\"noopener\" data-start=\"668\" data-end=\"691\">info@alsultansweets.com<\/a><\/p>\n<p data-start=\"695\" data-end=\"810\">Al\u0131c\u0131, i\u015fbu s\u00f6zle\u015fmeyi onaylamakla, sipari\u015fin bedelini, kargo masraflar\u0131n\u0131 ve varsa vergileri \u00f6demeyi kabul eder.<\/p>\n<hr data-start=\"812\" data-end=\"815\" \/>\n<h3 data-start=\"817\" data-end=\"834\">2. Tan\u0131mlar<\/h3>\n<p data-start=\"835\" data-end=\"916\">Bu s\u00f6zle\u015fmenin yorumlanmas\u0131nda ve uygulanmas\u0131nda a\u015fa\u011f\u0131daki tan\u0131mlar ge\u00e7erlidir:<\/p>\n<ul data-start=\"918\" data-end=\"1730\">\n<li data-start=\"918\" data-end=\"957\">\n<p data-start=\"920\" data-end=\"957\"><strong data-start=\"920\" data-end=\"930\">Bakan:<\/strong> G\u00fcmr\u00fck ve Ticaret Bakan\u0131<\/p>\n<\/li>\n<li data-start=\"958\" data-end=\"1003\">\n<p data-start=\"960\" data-end=\"1003\"><strong data-start=\"960\" data-end=\"973\">Bakanl\u0131k:<\/strong> G\u00fcmr\u00fck ve Ticaret Bakanl\u0131\u011f\u0131<\/p>\n<\/li>\n<li data-start=\"1004\" data-end=\"1067\">\n<p data-start=\"1006\" data-end=\"1067\"><strong data-start=\"1006\" data-end=\"1016\">Kanun:<\/strong> 6502 Say\u0131l\u0131 T\u00fcketicinin Korunmas\u0131 Hakk\u0131nda Kanun<\/p>\n<\/li>\n<li data-start=\"1068\" data-end=\"1120\">\n<p data-start=\"1070\" data-end=\"1120\"><strong data-start=\"1070\" data-end=\"1085\">Y\u00f6netmelik:<\/strong> Mesafeli S\u00f6zle\u015fmeler Y\u00f6netmeli\u011fi<\/p>\n<\/li>\n<li data-start=\"1121\" data-end=\"1220\">\n<p data-start=\"1123\" data-end=\"1220\"><strong data-start=\"1123\" data-end=\"1134\">Hizmet:<\/strong> Mal tedariki d\u0131\u015f\u0131nda bedel veya menfaat kar\u015f\u0131l\u0131\u011f\u0131 yap\u0131lan her t\u00fcrl\u00fc t\u00fcketici i\u015flemi<\/p>\n<\/li>\n<li data-start=\"1221\" data-end=\"1308\">\n<p data-start=\"1223\" data-end=\"1308\"><strong data-start=\"1223\" data-end=\"1234\">Sat\u0131c\u0131:<\/strong> Ticari veya mesleki faaliyetleri kapsam\u0131nda t\u00fcketiciye mal sunan \u015firket<\/p>\n<\/li>\n<li data-start=\"1309\" data-end=\"1408\">\n<p data-start=\"1311\" data-end=\"1408\"><strong data-start=\"1311\" data-end=\"1321\">Al\u0131c\u0131:<\/strong> Ticari veya mesleki olmayan ama\u00e7larla mal veya hizmet edinen ger\u00e7ek ya da t\u00fczel ki\u015fi<\/p>\n<\/li>\n<li data-start=\"1409\" data-end=\"1448\">\n<p data-start=\"1411\" data-end=\"1448\"><strong data-start=\"1411\" data-end=\"1420\">Site:<\/strong> Sat\u0131c\u0131n\u0131n internet sitesi<\/p>\n<\/li>\n<li data-start=\"1449\" data-end=\"1543\">\n<p data-start=\"1451\" data-end=\"1543\"><strong data-start=\"1451\" data-end=\"1469\">Sipari\u015f Veren:<\/strong> Site \u00fczerinden mal veya hizmet talebinde bulunan ger\u00e7ek veya t\u00fczel ki\u015fi<\/p>\n<\/li>\n<li data-start=\"1544\" data-end=\"1577\">\n<p data-start=\"1546\" data-end=\"1577\"><strong data-start=\"1546\" data-end=\"1559\">Taraflar:<\/strong> Sat\u0131c\u0131 ve Al\u0131c\u0131<\/p>\n<\/li>\n<li data-start=\"1578\" data-end=\"1662\">\n<p data-start=\"1580\" data-end=\"1662\"><strong data-start=\"1580\" data-end=\"1593\">S\u00f6zle\u015fme:<\/strong> Sat\u0131c\u0131 ile Al\u0131c\u0131 aras\u0131nda akdedilen i\u015fbu mesafeli sat\u0131\u015f s\u00f6zle\u015fmesi<\/p>\n<\/li>\n<li data-start=\"1663\" data-end=\"1730\">\n<p data-start=\"1665\" data-end=\"1730\"><strong data-start=\"1665\" data-end=\"1673\">Mal:<\/strong> Sat\u0131n al\u0131nan ta\u015f\u0131n\u0131r e\u015fya, yaz\u0131l\u0131m veya dijital i\u00e7erik<\/p>\n<\/li>\n<\/ul>\n<hr data-start=\"1732\" data-end=\"1735\" \/>\n<h3 data-start=\"1737\" data-end=\"1750\">3. Konu<\/h3>\n<p data-start=\"1751\" data-end=\"1945\">\u0130\u015fbu s\u00f6zle\u015fme, Al\u0131c\u0131\u2019n\u0131n <strong data-start=\"1776\" data-end=\"1802\"><a class=\"decorated-link cursor-pointer\" target=\"_new\" rel=\"noopener\" data-start=\"1778\" data-end=\"1800\">www.alsultansweets.com<\/a><\/strong> internet sitesi \u00fczerinden elektronik ortamda sipari\u015fini verdi\u011fi \u00fcr\u00fcnlerin sat\u0131\u015f\u0131 ve teslimi ile taraflar\u0131n hak ve y\u00fck\u00fcml\u00fcl\u00fcklerini d\u00fczenler.<\/p>\n<hr data-start=\"1947\" data-end=\"1950\" \/>\n<h3 data-start=\"1952\" data-end=\"1977\">4. Sat\u0131c\u0131 Bilgileri<\/h3>\n<p data-start=\"1978\" data-end=\"2196\">Unvan: Al Sultan Sweets Uluslararas\u0131 G\u0131da Sanayi ve Ticaret Limited \u015eirketi<br data-start=\"2053\" data-end=\"2056\" \/>Adres: Ak\u015femseddin Mah., Hal\u0131c\u0131lar Cad., No:29, Kat:2, Fatih\/\u0130stanbul<br data-start=\"2125\" data-end=\"2128\" \/>Telefon: +90 [telefon numaras\u0131]<br data-start=\"2159\" data-end=\"2162\" \/>E-posta: <a class=\"decorated-link cursor-pointer\" rel=\"noopener\" data-start=\"2171\" data-end=\"2194\">info@alsultansweets.com<\/a><\/p>\n<hr data-start=\"2198\" data-end=\"2201\" \/>\n<h3 data-start=\"2203\" data-end=\"2227\">5. Al\u0131c\u0131 Bilgileri<\/h3>\n<p data-start=\"2228\" data-end=\"2329\">Teslim Alacak Ki\u015fi: [Ad Soyad]<br data-start=\"2258\" data-end=\"2261\" \/>Teslimat Adresi: [Adres]<br data-start=\"2285\" data-end=\"2288\" \/>Telefon: [Telefon]<br data-start=\"2306\" data-end=\"2309\" \/>E-posta: [E-posta]<\/p>\n<hr data-start=\"2331\" data-end=\"2334\" \/>\n<h3 data-start=\"2336\" data-end=\"2368\">6. Sipari\u015f Veren Bilgileri<\/h3>\n<p data-start=\"2369\" data-end=\"2458\">Ad\u0131 Soyad\u0131\/Unvan: [Ad Soyad]<br data-start=\"2397\" data-end=\"2400\" \/>Adres: [Adres]<br data-start=\"2414\" data-end=\"2417\" \/>Telefon: [Telefon]<br data-start=\"2435\" data-end=\"2438\" \/>E-posta: [E-posta]<\/p>\n<hr data-start=\"2460\" data-end=\"2463\" \/>\n<h3 data-start=\"2465\" data-end=\"2493\">7. \u00dcr\u00fcn\/\u00dcr\u00fcn Bilgileri<\/h3>\n<p data-start=\"2494\" data-end=\"2653\">Al\u0131c\u0131 taraf\u0131ndan <strong data-start=\"2511\" data-end=\"2537\"><a class=\"decorated-link cursor-pointer\" target=\"_new\" rel=\"noopener\" data-start=\"2513\" data-end=\"2535\">www.alsultansweets.com<\/a><\/strong> \u00fczerinden sipari\u015f edilen \u00fcr\u00fcnlerin t\u00fcr\u00fc, markas\u0131, adedi ve sat\u0131\u015f bedeli, sipari\u015f sayfas\u0131nda belirtildi\u011fi gibidir.<\/p>\n<p data-start=\"2655\" data-end=\"2773\"><strong data-start=\"2655\" data-end=\"2672\">7.2. Fiyatlar<\/strong><br data-start=\"2672\" data-end=\"2675\" \/>Sitede yay\u0131nlanan fiyatlar g\u00fcncel sat\u0131\u015f fiyatlar\u0131d\u0131r. Kampanyalar belirtilen s\u00fcreyle s\u0131n\u0131rl\u0131d\u0131r.<\/p>\n<p data-start=\"2775\" data-end=\"2912\"><strong data-start=\"2775\" data-end=\"2801\">7.3. Vergiler ve \u00d6deme<\/strong><br data-start=\"2801\" data-end=\"2804\" \/>T\u00fcm \u00fcr\u00fcn fiyatlar\u0131na KDV ve yasal vergiler dahildir. Kargo \u00fccretleri sipari\u015f toplam\u0131na ayr\u0131ca eklenebilir.<\/p>\n<hr data-start=\"2914\" data-end=\"2917\" \/>\n<h3 data-start=\"2919\" data-end=\"2944\">8. Fatura Bilgileri<\/h3>\n<p data-start=\"2945\" data-end=\"3044\">Ad\u0131 Soyad\u0131\/Unvan: [Fatura Ad\u0131]<br data-start=\"2975\" data-end=\"2978\" \/>Adres: [Fatura Adresi]<br data-start=\"3000\" data-end=\"3003\" \/>Telefon: [Telefon]<br data-start=\"3021\" data-end=\"3024\" \/>E-posta: [E-posta]<\/p>\n<p data-start=\"3046\" data-end=\"3118\">Fatura, teslimat s\u0131ras\u0131nda belirtilen fatura adresine g\u00f6nderilecektir.<\/p>\n<hr data-start=\"3120\" data-end=\"3123\" \/>\n<h3 data-start=\"3125\" data-end=\"3148\">9. Genel H\u00fck\u00fcmler<\/h3>\n<p data-start=\"3149\" data-end=\"3333\"><strong data-start=\"3149\" data-end=\"3170\">9.1. Al\u0131c\u0131 Beyan\u0131<\/strong><br data-start=\"3170\" data-end=\"3173\" \/>Al\u0131c\u0131, \u00fcr\u00fcnlerin temel nitelikleri, sat\u0131\u015f fiyat\u0131, \u00f6deme \u015fekli ve teslimat ko\u015fullar\u0131 hakk\u0131nda \u00f6n bilgileri okuyup elektronik ortamda teyit etti\u011fini kabul eder.<\/p>\n<p data-start=\"3335\" data-end=\"3462\"><strong data-start=\"3335\" data-end=\"3357\">9.2. Teslim S\u00fcresi<\/strong><br data-start=\"3357\" data-end=\"3360\" \/>Her \u00fcr\u00fcn, sitede belirtilen s\u00fcre i\u00e7inde teslim edilir. Teslim s\u00fcresi hi\u00e7bir \u015fekilde 30 g\u00fcn\u00fc ge\u00e7emez.<\/p>\n<hr data-start=\"3464\" data-end=\"3467\" \/>\n<h3 data-start=\"3469\" data-end=\"3490\">10. Cayma Hakk\u0131<\/h3>\n<p data-start=\"3491\" data-end=\"3675\">Al\u0131c\u0131, \u00fcr\u00fcn\u00fc teslim ald\u0131\u011f\u0131 tarihten itibaren 14 g\u00fcn i\u00e7inde sipari\u015fi iptal etme hakk\u0131na sahiptir.<br data-start=\"3587\" data-end=\"3590\" \/>Cayma bildirimi yaz\u0131l\u0131 olarak <strong data-start=\"3620\" data-end=\"3647\"><a class=\"decorated-link cursor-pointer\" rel=\"noopener\" data-start=\"3622\" data-end=\"3645\">info@alsultansweets.com<\/a><\/strong> adresine g\u00f6nderilmelidir.<\/p>\n<hr data-start=\"3677\" data-end=\"3680\" \/>\n<h3 data-start=\"3682\" data-end=\"3722\">11. Cayma Hakk\u0131 Bulunmayan \u00dcr\u00fcnler<\/h3>\n<p data-start=\"3723\" data-end=\"3770\">A\u015fa\u011f\u0131daki \u00fcr\u00fcnlerde cayma hakk\u0131 kullan\u0131lamaz:<\/p>\n<ul data-start=\"3771\" data-end=\"3851\">\n<li data-start=\"3771\" data-end=\"3788\">\n<p data-start=\"3773\" data-end=\"3788\">G\u0131da \u00fcr\u00fcnleri<\/p>\n<\/li>\n<li data-start=\"3789\" data-end=\"3851\">\n<p data-start=\"3791\" data-end=\"3851\">Ambalaj\u0131 a\u00e7\u0131lm\u0131\u015f veya hijyen ko\u015fullar\u0131n\u0131 etkileyen \u00fcr\u00fcnler<\/p>\n<\/li>\n<\/ul>\n<hr data-start=\"3853\" data-end=\"3856\" \/>\n<h3 data-start=\"3858\" data-end=\"3892\">12. \u00d6deme ve Hukuki Sonu\u00e7lar<\/h3>\n<p data-start=\"3893\" data-end=\"3988\">Al\u0131c\u0131n\u0131n kredi kart\u0131 ile yapt\u0131\u011f\u0131 \u00f6demelerde, banka ile yap\u0131lan s\u00f6zle\u015fme h\u00fck\u00fcmleri ge\u00e7erlidir.<\/p>\n<hr data-start=\"3990\" data-end=\"3993\" \/>\n<h3 data-start=\"3995\" data-end=\"4020\">13. Yetkili Mahkeme<\/h3>\n<p data-start=\"4021\" data-end=\"4130\">T\u00fcketici, \u015fik\u00e2yetlerini \u0130stanbul T\u00fcketici Hakem Heyeti\u2019ne veya T\u00fcketici Mahkemesi\u2019ne ba\u015fvurarak iletebilir.<\/p>\n<hr data-start=\"4132\" data-end=\"4135\" \/>\n<h3 data-start=\"4137\" data-end=\"4155\">14. Y\u00fcr\u00fcrl\u00fck<\/h3>\n<p data-start=\"4156\" data-end=\"4267\">Al\u0131c\u0131, <strong data-start=\"4163\" data-end=\"4189\"><a class=\"decorated-link cursor-pointer\" target=\"_new\" rel=\"noopener\" data-start=\"4165\" data-end=\"4187\">www.alsultansweets.com<\/a><\/strong> \u00fczerinden sipari\u015f verdi\u011finde i\u015fbu s\u00f6zle\u015fme h\u00fck\u00fcmlerini kabul etmi\u015f say\u0131l\u0131r.<\/p>\t\t\t\t\t\t\t\t<\/div>\n\t\t\t\t<\/div>\n\t\t\t\t\t<\/div>\n\t\t\t\t<\/div>\n\t\t\t\t<\/div>\n\t\t","protected":false},"excerpt":{"rendered":"<p>Mesafeli Sat\u0131\u015f S\u00f6zle\u015fmesi 1. Taraflar \u0130\u015fbu s\u00f6zle\u015fme, a\u015fa\u011f\u0131da belirtilen taraflar aras\u0131nda, a\u015fa\u011f\u0131da yer alan \u015fartlar ve h\u00fck\u00fcmler do\u011frultusunda akdedilmi\u015ftir. ALICI [&hellip;]<\/p>\n","protected":false},"author":2,"featured_media":0,"parent":0,"menu_order":0,"comment_status":"closed","ping_status":"open","template":"","meta":{"footnotes":""},"class_list":["post-5897","page","type-page","status-publish","hentry"],"jetpack_sharing_enabled":true,"_links":{"self":[{"href":"https:\/\/alsultansweets.com\/tr\/wp-json\/wp\/v2\/pages\/5897","targetHints":{"allow":["GET"]}}],"collection":[{"href":"https:\/\/alsultansweets.com\/tr\/wp-json\/wp\/v2\/pages"}],"about":[{"href":"https:\/\/alsultansweets.com\/tr\/wp-json\/wp\/v2\/types\/page"}],"author":[{"embeddable":true,"href":"https:\/\/alsultansweets.com\/tr\/wp-json\/wp\/v2\/users\/2"}],"replies":[{"embeddable":true,"href":"https:\/\/alsultansweets.com\/tr\/wp-json\/wp\/v2\/comments?post=5897"}],"version-history":[{"count":4,"href":"https:\/\/alsultansweets.com\/tr\/wp-json\/wp\/v2\/pages\/5897\/revisions"}],"predecessor-version":[{"id":5902,"href":"https:\/\/alsultansweets.com\/tr\/wp-json\/wp\/v2\/pages\/5897\/revisions\/5902"}],"wp:attachment":[{"href":"https:\/\/alsultansweets.com\/tr\/wp-json\/wp\/v2\/media?parent=5897"}],"curies":[{"name":"wp","href":"https:\/\/api.w.org\/{rel}","templated":true}]}}