{"id":5885,"date":"2025-06-30T12:18:10","date_gmt":"2025-06-30T12:18:10","guid":{"rendered":"https:\/\/alsultansweets.com\/?page_id=5885"},"modified":"2025-08-25T19:31:01","modified_gmt":"2025-08-25T19:31:01","slug":"teslimat-ve-iade-politikasi","status":"publish","type":"page","link":"https:\/\/alsultansweets.com\/tr\/teslimat-ve-iade-politikasi\/","title":{"rendered":"Teslimat ve \u0130ade Politikas\u0131\u200b"},"content":{"rendered":"\t\t<div data-elementor-type=\"wp-page\" data-elementor-id=\"5885\" class=\"elementor elementor-5885 elementor-15\">\n\t\t\t\t\t\t<section class=\"elementor-section elementor-top-section elementor-element elementor-element-0afff1c elementor-section-height-min-height elementor-section-boxed elementor-section-height-default elementor-section-items-middle e-parent\" data-id=\"0afff1c\" data-element_type=\"section\" data-e-type=\"section\" data-settings=\"{&quot;background_background&quot;:&quot;classic&quot;,&quot;background_motion_fx_motion_fx_scrolling&quot;:&quot;yes&quot;,&quot;background_motion_fx_translateY_effect&quot;:&quot;yes&quot;,&quot;background_motion_fx_translateY_speed&quot;:{&quot;unit&quot;:&quot;px&quot;,&quot;size&quot;:3,&quot;sizes&quot;:[]},&quot;background_motion_fx_translateY_affectedRange&quot;:{&quot;unit&quot;:&quot;%&quot;,&quot;size&quot;:&quot;&quot;,&quot;sizes&quot;:{&quot;start&quot;:20,&quot;end&quot;:80}},&quot;background_motion_fx_devices&quot;:[&quot;mobile&quot;,&quot;mobile_extra&quot;,&quot;tablet&quot;,&quot;laptop&quot;,&quot;desktop&quot;]}\">\n\t\t\t\t\t\t\t<div class=\"elementor-background-overlay\"><\/div>\n\t\t\t\t\t\t\t<div class=\"elementor-container elementor-column-gap-no\">\n\t\t\t\t\t<div class=\"elementor-column elementor-col-50 elementor-top-column elementor-element elementor-element-2abf2d6 lakit-col-width-auto-no\" data-id=\"2abf2d6\" data-element_type=\"column\" data-e-type=\"column\">\n\t\t\t<div class=\"elementor-widget-wrap elementor-element-populated\">\n\t\t\t\t\t\t<div class=\"elementor-element elementor-element-8c4c2c6 elementor-widget elementor-widget-heading\" data-id=\"8c4c2c6\" data-element_type=\"widget\" data-e-type=\"widget\" data-widget_type=\"heading.default\">\n\t\t\t\t<div class=\"elementor-widget-container\">\n\t\t\t\t\t<h1 class=\"elementor-heading-title elementor-size-default\">Teslimat ve \u0130ade Politikas\u0131<\/h1>\t\t\t\t<\/div>\n\t\t\t\t<\/div>\n\t\t\t\t\t<\/div>\n\t\t<\/div>\n\t\t\t\t<div class=\"elementor-column elementor-col-50 elementor-top-column elementor-element elementor-element-960b402 lakit-col-width-auto-no\" data-id=\"960b402\" data-element_type=\"column\" data-e-type=\"column\">\n\t\t\t<div class=\"elementor-widget-wrap\">\n\t\t\t\t\t\t\t<\/div>\n\t\t<\/div>\n\t\t\t\t\t<\/div>\n\t\t<\/section>\n\t\t<div class=\"elementor-element elementor-element-16a1e405 e-flex e-con-boxed lakit-col-width-auto-no e-container e-root-container elementor-top-section e-con e-parent\" data-id=\"16a1e405\" data-element_type=\"container\" data-e-type=\"container\">\n\t\t\t\t\t<div class=\"e-con-inner\">\n\t\t\t\t<div class=\"elementor-element elementor-element-13d8305d elementor-widget elementor-widget-text-editor\" data-id=\"13d8305d\" data-element_type=\"widget\" data-e-type=\"widget\" data-widget_type=\"text-editor.default\">\n\t\t\t\t<div class=\"elementor-widget-container\">\n\t\t\t\t\t\t\t\t\t<h3 data-start=\"133\" data-end=\"159\">\ud83d\ude9a Kargo ve Teslimat<\/h3><p data-start=\"160\" data-end=\"247\">Sipari\u015flerinizi g\u00fcvenli bir \u015fekilde ve en k\u0131sa s\u00fcrede teslim etmeyi taahh\u00fct ediyoruz.<\/p><ul data-start=\"249\" data-end=\"483\"><li data-start=\"249\" data-end=\"323\"><p data-start=\"251\" data-end=\"323\"><strong data-start=\"251\" data-end=\"273\">T\u00fcrkiye i\u00e7i kargo:<\/strong> Teslimat yakla\u015f\u0131k <strong data-start=\"292\" data-end=\"305\">3 i\u015f g\u00fcn\u00fc<\/strong> i\u00e7inde yap\u0131l\u0131r.<\/p><\/li><li data-start=\"324\" data-end=\"405\"><p data-start=\"326\" data-end=\"405\"><strong data-start=\"326\" data-end=\"349\">Uluslararas\u0131 kargo:<\/strong> Teslimat s\u00fcresi, var\u0131\u015f \u00fclkesine ba\u011fl\u0131 olarak de\u011fi\u015fir.<\/p><\/li><li data-start=\"406\" data-end=\"483\"><p data-start=\"408\" data-end=\"483\"><strong data-start=\"408\" data-end=\"428\">Kargo \u00fccretleri:<\/strong> \u00dclkeye ve toplam g\u00f6nderi a\u011f\u0131rl\u0131\u011f\u0131na g\u00f6re hesaplan\u0131r.<\/p><\/li><\/ul><p data-start=\"485\" data-end=\"507\"><strong data-start=\"485\" data-end=\"505\">Kargo detaylar\u0131:<\/strong><\/p><ul data-start=\"508\" data-end=\"1137\"><li data-start=\"508\" data-end=\"543\"><p data-start=\"510\" data-end=\"543\">T\u00fcm d\u00fcnyaya g\u00f6nderim yap\u0131yoruz.<\/p><\/li><li data-start=\"544\" data-end=\"631\"><p data-start=\"546\" data-end=\"631\">Sipari\u015fler, aksi belirtilmedik\u00e7e, onayland\u0131ktan sonraki i\u015f g\u00fcn\u00fcnde kargoya verilir.<\/p><\/li><li data-start=\"632\" data-end=\"711\"><p data-start=\"634\" data-end=\"711\">H\u0131zl\u0131 ve g\u00fcvenilir teslimat i\u00e7in birden fazla kargo firmas\u0131yla \u00e7al\u0131\u015f\u0131yoruz.<\/p><\/li><li data-start=\"712\" data-end=\"756\"><p data-start=\"714\" data-end=\"756\"><strong data-start=\"714\" data-end=\"754\">Posta kutular\u0131na teslimat yap\u0131lamaz.<\/strong><\/p><\/li><li data-start=\"757\" data-end=\"870\"><p data-start=\"759\" data-end=\"870\">Hava ko\u015fullar\u0131 veya kargo firmas\u0131ndan kaynaklanan gecikmeler gibi kontrol\u00fcm\u00fcz d\u0131\u015f\u0131ndaki durumlar ya\u015fanabilir.<\/p><\/li><li data-start=\"871\" data-end=\"968\"><p data-start=\"873\" data-end=\"968\">Sipari\u015finiz kargoya verildi\u011finde, takip numaras\u0131n\u0131 i\u00e7eren bir onay e-postas\u0131 g\u00f6nderilecektir.<\/p><\/li><li data-start=\"969\" data-end=\"1137\"><p data-start=\"971\" data-end=\"1137\"><strong data-start=\"971\" data-end=\"1034\">48 saat i\u00e7inde takip numaras\u0131n\u0131 i\u00e7eren e-postay\u0131 almazsan\u0131z<\/strong>, l\u00fctfen sipari\u015f numaran\u0131z\u0131 belirterek bizimle ileti\u015fime ge\u00e7in:<br data-start=\"1097\" data-end=\"1100\" \/>\ud83d\udce7 <strong data-start=\"1105\" data-end=\"1135\"><a class=\"decorated-link cursor-pointer\" rel=\"noopener\" data-start=\"1107\" data-end=\"1133\">support@alsultansweets.com<\/a><\/strong><\/p><\/li><\/ul><p data-start=\"1139\" data-end=\"1356\"><strong data-start=\"1139\" data-end=\"1153\">Paketleme:<\/strong><br data-start=\"1153\" data-end=\"1156\" \/>T\u00fcm sipari\u015fler, en iyi durumda ula\u015fmas\u0131n\u0131 sa\u011flamak i\u00e7in \u00f6zenle paketlenmektedir.<br data-start=\"1236\" data-end=\"1239\" \/>Yo\u011fun d\u00f6nemlerde veya b\u00fcy\u00fck sipari\u015flerde, stok durumu ve kapasiteye ba\u011fl\u0131 olarak kargo h\u0131z\u0131nda de\u011fi\u015fiklik olabilir.<\/p><hr data-start=\"1358\" data-end=\"1361\" \/><h3 data-start=\"1363\" data-end=\"1398\">\ud83d\udd04 \u0130ade ve De\u011fi\u015fim Politikas\u0131<\/h3><p data-start=\"1399\" data-end=\"1481\">M\u00fc\u015fteri memnuniyeti \u00f6nceli\u011fimizdir ve \u00fcr\u00fcnlerimizin kalitesini garanti ediyoruz.<\/p><ul data-start=\"1483\" data-end=\"1971\"><li data-start=\"1483\" data-end=\"1599\"><p data-start=\"1485\" data-end=\"1599\">Daha fazla bilgi i\u00e7in l\u00fctfen \u015fu e-posta \u00fczerinden bizimle ileti\u015fime ge\u00e7in:<br data-start=\"1559\" data-end=\"1562\" \/>\ud83d\udce7 <strong data-start=\"1567\" data-end=\"1597\"><a class=\"decorated-link cursor-pointer\" rel=\"noopener\" data-start=\"1569\" data-end=\"1595\">support@alsultansweets.com<\/a><\/strong><\/p><\/li><li data-start=\"1601\" data-end=\"1775\"><p data-start=\"1603\" data-end=\"1775\"><strong data-start=\"1603\" data-end=\"1632\">Hasarl\u0131 veya kusurlu \u00fcr\u00fcn<\/strong> teslim ald\u0131ysan\u0131z, teslimat tarihinden itibaren <strong data-start=\"1681\" data-end=\"1701\">3 i\u015f g\u00fcn\u00fc i\u00e7inde<\/strong> bizimle ileti\u015fime ge\u00e7erek iade veya de\u011fi\u015fim talebinde bulunabilirsiniz.<\/p><\/li><li data-start=\"1776\" data-end=\"1859\"><p data-start=\"1778\" data-end=\"1859\"><strong data-start=\"1778\" data-end=\"1821\">Ki\u015fiye \u00f6zel veya \u00f6zel \u00fcretim sipari\u015fler<\/strong> iade veya de\u011fi\u015fim kapsam\u0131na girmez.<\/p><\/li><li data-start=\"1860\" data-end=\"1897\"><p data-start=\"1862\" data-end=\"1897\"><strong data-start=\"1862\" data-end=\"1895\">Kargo \u00fccretleri iade edilmez.<\/strong><\/p><\/li><li data-start=\"1898\" data-end=\"1971\"><p data-start=\"1900\" data-end=\"1971\">\u0130ade politikas\u0131na uygun olmayan talepler reddedilme hakk\u0131na sahiptir.<\/p><\/li><\/ul>\t\t\t\t\t\t\t\t<\/div>\n\t\t\t\t<\/div>\n\t\t\t\t\t<\/div>\n\t\t\t\t<\/div>\n\t\t\t\t<\/div>\n\t\t","protected":false},"excerpt":{"rendered":"<p>Teslimat ve \u0130ade Politikas\u0131 \ud83d\ude9a Kargo ve Teslimat Sipari\u015flerinizi g\u00fcvenli bir \u015fekilde ve en k\u0131sa s\u00fcrede teslim etmeyi taahh\u00fct ediyoruz. [&hellip;]<\/p>\n","protected":false},"author":2,"featured_media":0,"parent":0,"menu_order":0,"comment_status":"closed","ping_status":"closed","template":"","meta":{"footnotes":""},"class_list":["post-5885","page","type-page","status-publish","hentry"],"jetpack_sharing_enabled":true,"_links":{"self":[{"href":"https:\/\/alsultansweets.com\/tr\/wp-json\/wp\/v2\/pages\/5885","targetHints":{"allow":["GET"]}}],"collection":[{"href":"https:\/\/alsultansweets.com\/tr\/wp-json\/wp\/v2\/pages"}],"about":[{"href":"https:\/\/alsultansweets.com\/tr\/wp-json\/wp\/v2\/types\/page"}],"author":[{"embeddable":true,"href":"https:\/\/alsultansweets.com\/tr\/wp-json\/wp\/v2\/users\/2"}],"replies":[{"embeddable":true,"href":"https:\/\/alsultansweets.com\/tr\/wp-json\/wp\/v2\/comments?post=5885"}],"version-history":[{"count":4,"href":"https:\/\/alsultansweets.com\/tr\/wp-json\/wp\/v2\/pages\/5885\/revisions"}],"predecessor-version":[{"id":5890,"href":"https:\/\/alsultansweets.com\/tr\/wp-json\/wp\/v2\/pages\/5885\/revisions\/5890"}],"wp:attachment":[{"href":"https:\/\/alsultansweets.com\/tr\/wp-json\/wp\/v2\/media?parent=5885"}],"curies":[{"name":"wp","href":"https:\/\/api.w.org\/{rel}","templated":true}]}}