{"id":5870,"date":"2021-08-03T09:51:14","date_gmt":"2021-08-03T09:51:14","guid":{"rendered":"https:\/\/alsultansweets.com\/?page_id=5870"},"modified":"2025-08-25T19:27:58","modified_gmt":"2025-08-25T19:27:58","slug":"sartlar-ve-kosullar","status":"publish","type":"page","link":"https:\/\/alsultansweets.com\/tr\/sartlar-ve-kosullar\/","title":{"rendered":"\u015eartlar ve Ko\u015fullar"},"content":{"rendered":"\t\t<div data-elementor-type=\"wp-page\" data-elementor-id=\"5870\" class=\"elementor elementor-5870 elementor-2876\">\n\t\t\t\t\t\t<section class=\"elementor-section elementor-top-section elementor-element elementor-element-f229927 elementor-section-height-min-height elementor-section-boxed elementor-section-height-default elementor-section-items-middle e-parent\" data-id=\"f229927\" data-element_type=\"section\" data-e-type=\"section\" data-settings=\"{&quot;background_background&quot;:&quot;classic&quot;,&quot;background_motion_fx_motion_fx_scrolling&quot;:&quot;yes&quot;,&quot;background_motion_fx_translateY_effect&quot;:&quot;yes&quot;,&quot;background_motion_fx_translateY_speed&quot;:{&quot;unit&quot;:&quot;px&quot;,&quot;size&quot;:3,&quot;sizes&quot;:[]},&quot;background_motion_fx_translateY_affectedRange&quot;:{&quot;unit&quot;:&quot;%&quot;,&quot;size&quot;:&quot;&quot;,&quot;sizes&quot;:{&quot;start&quot;:20,&quot;end&quot;:80}},&quot;background_motion_fx_devices&quot;:[&quot;mobile&quot;,&quot;mobile_extra&quot;,&quot;tablet&quot;,&quot;laptop&quot;,&quot;desktop&quot;]}\">\n\t\t\t\t\t\t\t<div class=\"elementor-background-overlay\"><\/div>\n\t\t\t\t\t\t\t<div class=\"elementor-container elementor-column-gap-no\">\n\t\t\t\t\t<div class=\"elementor-column elementor-col-50 elementor-top-column elementor-element elementor-element-e9211ec lakit-col-width-auto-no\" data-id=\"e9211ec\" data-element_type=\"column\" data-e-type=\"column\">\n\t\t\t<div class=\"elementor-widget-wrap elementor-element-populated\">\n\t\t\t\t\t\t<div class=\"elementor-element elementor-element-1127230 elementor-widget elementor-widget-heading\" data-id=\"1127230\" data-element_type=\"widget\" data-e-type=\"widget\" data-widget_type=\"heading.default\">\n\t\t\t\t<div class=\"elementor-widget-container\">\n\t\t\t\t\t<h1 class=\"elementor-heading-title elementor-size-default\">Sat\u0131\u015f \u015eartlar\u0131 ve Ko\u015fullar\u0131<\/h1>\t\t\t\t<\/div>\n\t\t\t\t<\/div>\n\t\t\t\t\t<\/div>\n\t\t<\/div>\n\t\t\t\t<div class=\"elementor-column elementor-col-50 elementor-top-column elementor-element elementor-element-79982b8 lakit-col-width-auto-no\" data-id=\"79982b8\" data-element_type=\"column\" data-e-type=\"column\">\n\t\t\t<div class=\"elementor-widget-wrap\">\n\t\t\t\t\t\t\t<\/div>\n\t\t<\/div>\n\t\t\t\t\t<\/div>\n\t\t<\/section>\n\t\t<div class=\"elementor-element elementor-element-50887b0d e-flex e-con-boxed lakit-col-width-auto-no e-container e-root-container elementor-top-section e-con e-parent\" data-id=\"50887b0d\" data-element_type=\"container\" data-e-type=\"container\">\n\t\t\t\t\t<div class=\"e-con-inner\">\n\t\t\t\t<div class=\"elementor-element elementor-element-5629cbb1 elementor-widget elementor-widget-text-editor\" data-id=\"5629cbb1\" data-element_type=\"widget\" data-e-type=\"widget\" data-widget_type=\"text-editor.default\">\n\t\t\t\t<div class=\"elementor-widget-container\">\n\t\t\t\t\t\t\t\t\t<p data-start=\"83\" data-end=\"299\"><strong data-start=\"83\" data-end=\"149\">Alsultansweets.com Sat\u0131\u015f \u015eartlar\u0131 ve Ko\u015fullar\u0131na Ho\u015f Geldiniz.<\/strong><br data-start=\"149\" data-end=\"152\" \/>Bu \u015fartlar ve ko\u015fullar, Gizlilik Politikam\u0131z ile birlikte, web sitemiz veya mobil uygulamam\u0131z \u00fczerinden sat\u0131n al\u0131nan t\u00fcm \u00fcr\u00fcnler i\u00e7in ge\u00e7erlidir.<\/p>\n<p data-start=\"301\" data-end=\"533\">L\u00fctfen herhangi bir \u00fcr\u00fcn sipari\u015f etmeden \u00f6nce bu \u015fartlar\u0131 dikkatlice okuyunuz; \u00e7\u00fcnk\u00fc sipari\u015f vermek, bu \u015fartlara tamamen uymay\u0131 kabul etti\u011finiz anlam\u0131na gelir.<br data-start=\"460\" data-end=\"463\" \/>E\u011fer bu \u015fartlar\u0131 kabul etmiyorsan\u0131z, l\u00fctfen sipari\u015fi tamamlamay\u0131n\u0131z.<\/p>\n<p data-start=\"535\" data-end=\"637\"><strong data-start=\"535\" data-end=\"543\">Not:<\/strong> \u0130leride ba\u015fvurmak \u00fczere bu \u015fartlar\u0131n bir kopyas\u0131n\u0131 yazd\u0131rman\u0131z\u0131 veya kaydetmenizi \u00f6neririz.<\/p>\n<hr data-start=\"639\" data-end=\"642\" \/>\n<h3 data-start=\"644\" data-end=\"669\">1. Kullan\u0131m Kapsam\u0131<\/h3>\n<p data-start=\"670\" data-end=\"956\">Web sitemiz, \u00fcr\u00fcnlerimizi <strong data-start=\"696\" data-end=\"725\">ki\u015fisel kullan\u0131m amac\u0131yla<\/strong> sat\u0131n alan t\u00fcketicilere y\u00f6neliktir, <strong data-start=\"762\" data-end=\"782\">ticari ama\u00e7larla<\/strong> kullan\u0131m i\u00e7in de\u011fildir.<br data-start=\"806\" data-end=\"809\" \/>Sipari\u015fin ticari ama\u00e7l\u0131 oldu\u011fu tespit edilirse sipari\u015fi iptal etme hakk\u0131m\u0131z sakl\u0131d\u0131r; bu durumda \u00f6ncelikle sizinle ileti\u015fime ge\u00e7meye \u00e7al\u0131\u015faca\u011f\u0131z.<\/p>\n<p data-start=\"958\" data-end=\"1070\">E\u011fer <strong data-start=\"963\" data-end=\"975\">toptanc\u0131<\/strong> iseniz ve ticari ama\u00e7la sat\u0131n almak istiyorsan\u0131z, l\u00fctfen do\u011frudan bizimle ileti\u015fime ge\u00e7iniz.<\/p>\n<hr data-start=\"1072\" data-end=\"1075\" \/>\n<h3 data-start=\"1077\" data-end=\"1102\">2. \u015eirket Bilgileri<\/h3>\n<p data-start=\"1103\" data-end=\"1152\">Bu \u015fartlar \u015fu \u015firket taraf\u0131ndan haz\u0131rlanm\u0131\u015ft\u0131r:<\/p>\n<p data-start=\"1154\" data-end=\"1447\"><strong data-start=\"1154\" data-end=\"1228\">AL SULTAN SWEETTS INTERNATIONAL GIDA VE SANAYI TICARET LIMITED \u015eIRKETI<\/strong><br data-start=\"1228\" data-end=\"1231\" \/>T\u00fcrkiye \/ \u0130stanbul\u2019da kay\u0131tl\u0131d\u0131r.<br data-start=\"1264\" data-end=\"1267\" \/>Ticaret Sicil Numaras\u0131: <strong data-start=\"1291\" data-end=\"1302\">57910-5<\/strong><br data-start=\"1302\" data-end=\"1305\" \/>Adres: <strong data-start=\"1312\" data-end=\"1373\">AK\u015eEMSETT\u0130N MAH, BALIPA\u015eA CAD NO: 150\/1, FAT\u0130H \/ \u0130STANBUL<\/strong><br data-start=\"1373\" data-end=\"1376\" \/>E-posta: <strong data-start=\"1385\" data-end=\"1415\"><a class=\"decorated-link cursor-pointer\" rel=\"noopener\" data-start=\"1387\" data-end=\"1413\">Support@alsultansweets.com<\/a><\/strong><br data-start=\"1415\" data-end=\"1418\" \/>Telefon: <strong data-start=\"1427\" data-end=\"1445\">00905523223109<\/strong><\/p>\n<hr data-start=\"1449\" data-end=\"1452\" \/>\n<h3 data-start=\"1454\" data-end=\"1488\">3. Sipari\u015f Verme Yeterlili\u011fi<\/h3>\n<p data-start=\"1489\" data-end=\"1552\">\u00dcr\u00fcn sipari\u015fi yaln\u0131zca \u015fu ko\u015fullar sa\u011fland\u0131\u011f\u0131nda yap\u0131labilir:<\/p>\n<ul data-start=\"1554\" data-end=\"1644\">\n<li data-start=\"1554\" data-end=\"1613\">\n<p data-start=\"1556\" data-end=\"1613\">Yasal olarak ba\u011flay\u0131c\u0131 bir s\u00f6zle\u015fme yapmaya ehil olmak,<\/p>\n<\/li>\n<li data-start=\"1614\" data-end=\"1644\">\n<p data-start=\"1616\" data-end=\"1644\">18 ya\u015f\u0131n\u0131 doldurmu\u015f olmak.<\/p>\n<\/li>\n<\/ul>\n<hr data-start=\"1646\" data-end=\"1649\" \/>\n<h3 data-start=\"1651\" data-end=\"1680\">4. Tan\u0131mlar ve Yorumlar<\/h3>\n<ul data-start=\"1681\" data-end=\"1974\">\n<li data-start=\"1681\" data-end=\"1754\">\n<p data-start=\"1683\" data-end=\"1754\"><strong data-start=\"1683\" data-end=\"1696\">T\u00fcketici:<\/strong> Ki\u015fisel, ticari olmayan ama\u00e7larla al\u0131\u015fveri\u015f yapan ki\u015fi.<\/p>\n<\/li>\n<li data-start=\"1755\" data-end=\"1828\">\n<p data-start=\"1757\" data-end=\"1828\"><strong data-start=\"1757\" data-end=\"1770\">S\u00f6zle\u015fme:<\/strong> Sizinle bizim aram\u0131zda yap\u0131lan ba\u011flay\u0131c\u0131 yasal anla\u015fma.<\/p>\n<\/li>\n<li data-start=\"1829\" data-end=\"1873\">\n<p data-start=\"1831\" data-end=\"1873\"><strong data-start=\"1831\" data-end=\"1843\">\u00dcr\u00fcnler:<\/strong> Sitede sunulan t\u00fcm \u00fcr\u00fcnler.<\/p>\n<\/li>\n<li data-start=\"1874\" data-end=\"1974\">\n<p data-start=\"1876\" data-end=\"1974\"><strong data-start=\"1876\" data-end=\"1903\">Kal\u0131c\u0131 veri ta\u015f\u0131y\u0131c\u0131s\u0131:<\/strong> E-posta gibi bilgilerin saklanmas\u0131na olanak sa\u011flayan her t\u00fcrl\u00fc ara\u00e7.<\/p>\n<\/li>\n<\/ul>\n<p data-start=\"1976\" data-end=\"2097\">L\u00fctfen unutmay\u0131n: \u00dcr\u00fcn a\u00e7\u0131klamalar\u0131 yaln\u0131zca tan\u0131t\u0131m ama\u00e7l\u0131d\u0131r; renkler veya \u00f6l\u00e7\u00fcler az da olsa farkl\u0131l\u0131k g\u00f6sterebilir.<\/p>\n<hr data-start=\"2099\" data-end=\"2102\" \/>\n<h3 data-start=\"2104\" data-end=\"2138\">5. Kay\u0131t ve Ki\u015fisel Bilgiler<\/h3>\n<ul data-start=\"2139\" data-end=\"2424\">\n<li data-start=\"2139\" data-end=\"2203\">\n<p data-start=\"2141\" data-end=\"2203\">Kullan\u0131c\u0131 ad\u0131 ve \u015fifre ile hesap olu\u015fturman\u0131z gerekmektedir.<\/p>\n<\/li>\n<li data-start=\"2204\" data-end=\"2269\">\n<p data-start=\"2206\" data-end=\"2269\">Giri\u015f bilgilerinizin gizlili\u011fini korumaktan siz sorumlusunuz.<\/p>\n<\/li>\n<li data-start=\"2270\" data-end=\"2338\">\n<p data-start=\"2272\" data-end=\"2338\">Bilgileriniz, <strong data-start=\"2286\" data-end=\"2310\">Gizlilik Politikam\u0131z<\/strong> uyar\u0131nca kullan\u0131lacakt\u0131r.<\/p>\n<\/li>\n<li data-start=\"2339\" data-end=\"2424\">\n<p data-start=\"2341\" data-end=\"2424\">Sizinle e-posta veya di\u011fer elektronik yollarla ileti\u015fime ge\u00e7me hakk\u0131m\u0131z sakl\u0131d\u0131r.<\/p>\n<\/li>\n<\/ul>\n<hr data-start=\"2426\" data-end=\"2429\" \/>\n<h3 data-start=\"2431\" data-end=\"2453\">6. Sat\u0131\u015f\u0131n Esas\u0131<\/h3>\n<ul data-start=\"2454\" data-end=\"2833\">\n<li data-start=\"2454\" data-end=\"2526\">\n<p data-start=\"2456\" data-end=\"2526\">Sitede \u00fcr\u00fcnlerin sergilenmesi hukuken ba\u011flay\u0131c\u0131 bir teklif de\u011fildir.<\/p>\n<\/li>\n<li data-start=\"2527\" data-end=\"2631\">\n<p data-start=\"2529\" data-end=\"2631\">Herhangi bir sipari\u015fi reddetme hakk\u0131m\u0131z sakl\u0131d\u0131r; m\u00fcmk\u00fcn olan en k\u0131sa s\u00fcrede sizi bilgilendirece\u011fiz.<\/p>\n<\/li>\n<li data-start=\"2632\" data-end=\"2709\">\n<p data-start=\"2634\" data-end=\"2709\">S\u00f6zle\u015fme, <strong data-start=\"2644\" data-end=\"2689\">sipari\u015f onay e-postas\u0131n\u0131n g\u00f6nderilmesiyle<\/strong> kurulmu\u015f say\u0131l\u0131r.<\/p>\n<\/li>\n<li data-start=\"2710\" data-end=\"2833\">\n<p data-start=\"2712\" data-end=\"2833\">Sipari\u015f onay\u0131n\u0131z\u0131 kontrol etmeniz ve herhangi bir hata olmas\u0131 durumunda hemen bizimle ileti\u015fime ge\u00e7meniz gerekmektedir.<\/p>\n<\/li>\n<\/ul>\n<p data-start=\"2835\" data-end=\"2932\"><strong data-start=\"2835\" data-end=\"2843\">Not:<\/strong> S\u00f6zle\u015fme veya sipari\u015f detaylar\u0131 yaln\u0131zca taraflar\u0131n yaz\u0131l\u0131 onay\u0131 ile de\u011fi\u015ftirilebilir.<\/p>\n<hr data-start=\"2934\" data-end=\"2937\" \/>\n<h3 data-start=\"2939\" data-end=\"2965\">7. Fiyatlar ve \u00d6deme<\/h3>\n<ul data-start=\"2966\" data-end=\"3244\">\n<li data-start=\"2966\" data-end=\"3015\">\n<p data-start=\"2968\" data-end=\"3015\">Sitede belirtilen fiyatlara <strong data-start=\"2996\" data-end=\"3012\">KDV dahildir<\/strong>.<\/p>\n<\/li>\n<li data-start=\"3016\" data-end=\"3079\">\n<p data-start=\"3018\" data-end=\"3079\">Sipari\u015f s\u0131ras\u0131nda kredi veya banka kart\u0131 ile \u00f6deme yap\u0131l\u0131r.<\/p>\n<\/li>\n<li data-start=\"3080\" data-end=\"3153\">\n<p data-start=\"3082\" data-end=\"3153\">Tutar, sipari\u015f an\u0131nda veya \u00fcr\u00fcn sevkiyat\u0131ndan \u00f6nce tahsil edilebilir.<\/p>\n<\/li>\n<li data-start=\"3154\" data-end=\"3244\">\n<p data-start=\"3156\" data-end=\"3244\">Teslimat b\u00f6lgesine ve y\u00f6ntemine g\u00f6re ek <strong data-start=\"3196\" data-end=\"3227\">kargo veya hizmet \u00fccretleri<\/strong> uygulanabilir.<\/p>\n<\/li>\n<\/ul>\t\t\t\t\t\t\t\t<\/div>\n\t\t\t\t<\/div>\n\t\t\t\t\t<\/div>\n\t\t\t\t<\/div>\n\t\t\t\t<\/div>\n\t\t","protected":false},"excerpt":{"rendered":"<p>Sat\u0131\u015f \u015eartlar\u0131 ve Ko\u015fullar\u0131 Alsultansweets.com Sat\u0131\u015f \u015eartlar\u0131 ve Ko\u015fullar\u0131na Ho\u015f Geldiniz.Bu \u015fartlar ve ko\u015fullar, Gizlilik Politikam\u0131z ile birlikte, web sitemiz [&hellip;]<\/p>\n","protected":false},"author":2,"featured_media":0,"parent":0,"menu_order":0,"comment_status":"closed","ping_status":"closed","template":"","meta":{"footnotes":""},"class_list":["post-5870","page","type-page","status-publish","hentry"],"jetpack_sharing_enabled":true,"_links":{"self":[{"href":"https:\/\/alsultansweets.com\/tr\/wp-json\/wp\/v2\/pages\/5870","targetHints":{"allow":["GET"]}}],"collection":[{"href":"https:\/\/alsultansweets.com\/tr\/wp-json\/wp\/v2\/pages"}],"about":[{"href":"https:\/\/alsultansweets.com\/tr\/wp-json\/wp\/v2\/types\/page"}],"author":[{"embeddable":true,"href":"https:\/\/alsultansweets.com\/tr\/wp-json\/wp\/v2\/users\/2"}],"replies":[{"embeddable":true,"href":"https:\/\/alsultansweets.com\/tr\/wp-json\/wp\/v2\/comments?post=5870"}],"version-history":[{"count":4,"href":"https:\/\/alsultansweets.com\/tr\/wp-json\/wp\/v2\/pages\/5870\/revisions"}],"predecessor-version":[{"id":5884,"href":"https:\/\/alsultansweets.com\/tr\/wp-json\/wp\/v2\/pages\/5870\/revisions\/5884"}],"wp:attachment":[{"href":"https:\/\/alsultansweets.com\/tr\/wp-json\/wp\/v2\/media?parent=5870"}],"curies":[{"name":"wp","href":"https:\/\/api.w.org\/{rel}","templated":true}]}}