{"id":5751,"date":"2021-08-12T23:45:52","date_gmt":"2021-08-12T23:45:52","guid":{"rendered":"https:\/\/alsultansweets.com\/sultanin-ortaklari\/"},"modified":"2025-10-12T10:41:24","modified_gmt":"2025-10-12T10:41:24","slug":"sultanin-ortaklari","status":"publish","type":"page","link":"https:\/\/alsultansweets.com\/tr\/sultanin-ortaklari\/","title":{"rendered":"Sultan&#8217;\u0131n ortaklar\u0131"},"content":{"rendered":"\t\t<div data-elementor-type=\"wp-page\" data-elementor-id=\"5751\" class=\"elementor elementor-5751 elementor-1292\">\n\t\t\t\t\t\t<section class=\"elementor-section elementor-top-section elementor-element elementor-element-031433a elementor-section-height-min-height elementor-section-full_width elementor-section-stretched elementor-section-height-default elementor-section-items-middle e-parent\" data-id=\"031433a\" data-element_type=\"section\" data-e-type=\"section\" data-settings=\"{&quot;background_background&quot;:&quot;classic&quot;,&quot;background_motion_fx_motion_fx_scrolling&quot;:&quot;yes&quot;,&quot;background_motion_fx_translateY_effect&quot;:&quot;yes&quot;,&quot;stretch_section&quot;:&quot;section-stretched&quot;,&quot;background_motion_fx_translateY_speed&quot;:{&quot;unit&quot;:&quot;px&quot;,&quot;size&quot;:3,&quot;sizes&quot;:[]},&quot;background_motion_fx_translateY_affectedRange&quot;:{&quot;unit&quot;:&quot;%&quot;,&quot;size&quot;:&quot;&quot;,&quot;sizes&quot;:{&quot;start&quot;:20,&quot;end&quot;:80}},&quot;background_motion_fx_devices&quot;:[&quot;mobile&quot;,&quot;mobile_extra&quot;,&quot;tablet&quot;,&quot;laptop&quot;,&quot;desktop&quot;]}\">\n\t\t\t\t\t\t\t<div class=\"elementor-background-overlay\"><\/div>\n\t\t\t\t\t\t\t<div class=\"elementor-container elementor-column-gap-no\">\n\t\t\t\t\t<div class=\"elementor-column elementor-col-50 elementor-top-column elementor-element elementor-element-ae2b526 lakit-col-width-auto-no\" data-id=\"ae2b526\" data-element_type=\"column\" data-e-type=\"column\">\n\t\t\t<div class=\"elementor-widget-wrap elementor-element-populated\">\n\t\t\t\t\t\t<div class=\"elementor-element elementor-element-dc5868e elementor-widget elementor-widget-heading\" data-id=\"dc5868e\" data-element_type=\"widget\" data-e-type=\"widget\" data-widget_type=\"heading.default\">\n\t\t\t\t<div class=\"elementor-widget-container\">\n\t\t\t\t\t<h2 class=\"elementor-heading-title elementor-size-default\">  Sultan International Sweets Ortaklar\u0131\n<\/h2>\t\t\t\t<\/div>\n\t\t\t\t<\/div>\n\t\t\t\t<div class=\"elementor-element elementor-element-df0d815 elementor-widget elementor-widget-text-editor\" data-id=\"df0d815\" data-element_type=\"widget\" data-e-type=\"widget\" data-widget_type=\"text-editor.default\">\n\t\t\t\t<div class=\"elementor-widget-container\">\n\t\t\t\t\t\t\t\t\t<div class=\"container-fluid p-0\"><div class=\"col-lg-6 mx-auto\"><div class=\"lm green f-27 text-center pt-3 px-4 py-5 my-4\">G\u00fc\u00e7l\u00fc ve s\u00fcrd\u00fcr\u00fclebilir ortakl\u0131klar yoluyla ba\u015far\u0131ya ula\u015fmay\u0131 taahh\u00fct eder.<\/div><\/div><\/div>\t\t\t\t\t\t\t\t<\/div>\n\t\t\t\t<\/div>\n\t\t\t\t\t<\/div>\n\t\t<\/div>\n\t\t\t\t<div class=\"elementor-column elementor-col-50 elementor-top-column elementor-element elementor-element-02270c0 lakit-col-width-auto-no\" data-id=\"02270c0\" data-element_type=\"column\" data-e-type=\"column\">\n\t\t\t<div class=\"elementor-widget-wrap\">\n\t\t\t\t\t\t\t<\/div>\n\t\t<\/div>\n\t\t\t\t\t<\/div>\n\t\t<\/section>\n\t\t\t\t<section class=\"elementor-section elementor-top-section elementor-element elementor-element-45719e4 elementor-section-boxed elementor-section-height-default elementor-section-height-default e-parent\" data-id=\"45719e4\" data-element_type=\"section\" data-e-type=\"section\">\n\t\t\t\t\t\t<div class=\"elementor-container elementor-column-gap-no\">\n\t\t\t\t\t<div class=\"elementor-column elementor-col-100 elementor-top-column elementor-element elementor-element-680bee3 lakit-col-width-auto-no\" data-id=\"680bee3\" data-element_type=\"column\" data-e-type=\"column\">\n\t\t\t<div class=\"elementor-widget-wrap elementor-element-populated\">\n\t\t\t\t\t\t<div class=\"elementor-element elementor-element-3fd1f36 elementor-widget elementor-widget-heading\" data-id=\"3fd1f36\" data-element_type=\"widget\" data-e-type=\"widget\" data-widget_type=\"heading.default\">\n\t\t\t\t<div class=\"elementor-widget-container\">\n\t\t\t\t\t<h2 class=\"elementor-heading-title elementor-size-default\">Ba\u015far\u0131 ortaklar\u0131<\/h2>\t\t\t\t<\/div>\n\t\t\t\t<\/div>\n\t\t<div class=\"elementor-element elementor-element-4324aeb e-grid e-con-boxed lakit-col-width-auto-no e-container e-root-container elementor-top-section e-con e-parent\" data-id=\"4324aeb\" data-element_type=\"container\" data-e-type=\"container\">\n\t\t\t\t\t<div class=\"e-con-inner\">\n\t\t\t\t<div class=\"elementor-element elementor-element-5f6d528 lakit-equal-height-disable elementor-widget lastudio-kit elementor-lakit-image-box\" data-id=\"5f6d528\" data-element_type=\"widget\" data-e-type=\"widget\" data-widget_type=\"lakit-image-box.default\">\n\t\t\t\t\t<div class=\"lakit-imagebox text-center lakit-imagebox__content-align-center simple-card\"><div class=\"lakit-imagebox__header figure__object_fit\"><img fetchpriority=\"high\" decoding=\"async\" width=\"1633\" height=\"534\" src=\"https:\/\/alsultansweets.com\/wp-content\/uploads\/2025\/07\/Artboard-1@4x-1-1.png\" class=\"lakit-imagebox__main_img attachment-full size-full wp-image-4666\" alt=\"\" srcset=\"https:\/\/alsultansweets.com\/wp-content\/uploads\/2025\/07\/Artboard-1@4x-1-1.png 1633w, https:\/\/alsultansweets.com\/wp-content\/uploads\/2025\/07\/Artboard-1@4x-1-1-1536x502.png 1536w\" sizes=\"(max-width: 1633px) 100vw, 1633px\" \/><\/div><div class=\"lakit-imagebox__body\"><div class=\"lakit-imagebox__body_inner\"><div class=\"lakit-imagebox__desc\">\u015eam'da 2005 y\u0131l\u0131nda kurulan \u00f6nc\u00fc bir akademi. Tatl\u0131lar ve Do\u011fu ile Bat\u0131 mutfa\u011f\u0131 \u00fcr\u00fcnlerinin yap\u0131m\u0131 konusunda uzman. Y\u00f6netim ve finansal beceriler konusunda e\u011fitim vermenin yan\u0131 s\u0131ra, Bir grup \u015fef ve uzman\u0131n g\u00f6zetimi alt\u0131nda. Gen\u00e7leri g\u00fc\u00e7lendirmek ve onlar\u0131 i\u015f g\u00fcc\u00fcne verimli bir \u015fekilde haz\u0131rlamak amac\u0131yla.<\/div><\/div><div class=\"lakit-iconbox__button_wrapper\"><a href=\"https:\/\/alsultan-academy.com\/\" class=\"elementor-button-link elementor-button elementor-btn-align-icon-\"><span class=\"elementor-button-content-wrapper e-icon-align-\"><span class=\"elementor-button-text\">Akademi hakk\u0131nda daha fazla bilgi edinin<\/span><\/span><\/a><\/div><\/div><\/div>\t\t\t\t<\/div>\n\t\t\t\t<div class=\"elementor-element elementor-element-c37c4af lakit-equal-height-disable elementor-widget lastudio-kit elementor-lakit-image-box\" data-id=\"c37c4af\" data-element_type=\"widget\" data-e-type=\"widget\" data-widget_type=\"lakit-image-box.default\">\n\t\t\t\t\t<div class=\"lakit-imagebox text-center lakit-imagebox__content-align-center simple-card\"><div class=\"lakit-imagebox__header figure__object_fit\"><img decoding=\"async\" width=\"247\" height=\"80\" src=\"https:\/\/alsultansweets.com\/wp-content\/uploads\/2025\/07\/\u0644\u0648\u063a\u0648-\u0637\u0631\u064a\u0642-1-e1739474311873-1.png\" class=\"lakit-imagebox__main_img attachment-full size-full wp-image-4668\" alt=\"\" \/><\/div><div class=\"lakit-imagebox__body\"><div class=\"lakit-imagebox__body_inner\"><div class=\"lakit-imagebox__desc\">E\u011fitim ve dan\u0131\u015fmanl\u0131k alan\u0131nda uzun y\u0131llara dayanan deneyimin ard\u0131ndan kurulmu\u015ftur. Beceri geli\u015ftirme yoluyla gen\u00e7leri ve toplumu g\u00fc\u00e7lendirmeyi ama\u00e7lamaktad\u0131r. ve de\u011ferleri ke\u015ffetmek. ve hedeflere ula\u015fmak. Ki\u015fisel, profesyonel ve sosyal d\u00fczeylerde performans\u0131n ve m\u00fckemmelli\u011fin geli\u015ftirilmesine katk\u0131da bulunur.<\/div><\/div><div class=\"lakit-iconbox__button_wrapper\"><a href=\"https:\/\/tareek-academy.com\/\" class=\"elementor-button-link elementor-button elementor-btn-align-icon-\"><span class=\"elementor-button-content-wrapper e-icon-align-\"><span class=\"elementor-button-text\">Akademi hakk\u0131nda daha fazla bilgi edinin<\/span><\/span><\/a><\/div><\/div><\/div>\t\t\t\t<\/div>\n\t\t\t\t\t<\/div>\n\t\t\t\t<\/div>\n\t\t\t\t\t<\/div>\n\t\t<\/div>\n\t\t\t\t\t<\/div>\n\t\t<\/section>\n\t\t<div class=\"elementor-element elementor-element-cabb98f e-flex e-con-boxed lakit-col-width-auto-no e-container e-root-container elementor-top-section e-con e-parent\" data-id=\"cabb98f\" data-element_type=\"container\" data-e-type=\"container\">\n\t\t\t\t\t<div class=\"e-con-inner\">\n\t\t\t\t<div class=\"elementor-element elementor-element-0f3e9ee lakit-equal-height-disable elementor-widget lastudio-kit elementor-lakit-image-box\" data-id=\"0f3e9ee\" data-element_type=\"widget\" data-e-type=\"widget\" data-widget_type=\"lakit-image-box.default\">\n\t\t\t\t\t<div class=\"lakit-imagebox text-center lakit-imagebox__content-align-center simple-card\"><div class=\"lakit-imagebox__header figure__object_fit\"><img decoding=\"async\" width=\"505\" height=\"607\" src=\"https:\/\/alsultansweets.com\/wp-content\/uploads\/2025\/10\/WhatsApp-Image-2025-09-27-at-11.48.31.jpeg\" class=\"lakit-imagebox__main_img attachment-full size-full wp-image-6133\" alt=\"\" \/><\/div><div class=\"lakit-imagebox__body\"><div class=\"lakit-imagebox__body_inner\"><div class=\"lakit-imagebox__desc\"> Al Jazari Uluslararas\u0131 Okullar\u0131, Anaokulundan lise seviyesine kadar, bilim ve teknolojiyi Uluslararas\u0131 Bakalorya (IB) program\u0131yla birle\u015ftiren, d\u00fcnya standartlar\u0131nda \u00e7ift dilli e\u011fitim sunar.\nAnaokulundan lise seviyesine kadar, bilim ve teknolojiyi Uluslararas\u0131 Bakalorya (IB) program\u0131yla birle\u015ftiren, d\u00fcnya standartlar\u0131nda \u00e7ift dilli e\u011fitim sunar.<\/div><\/div><div class=\"lakit-iconbox__button_wrapper\"><a href=\"https:\/\/aljazari.com.tr\/\" class=\"elementor-button-link elementor-button elementor-btn-align-icon-\"><span class=\"elementor-button-content-wrapper e-icon-align-\"><span class=\"elementor-button-text\">Al Jazari Uluslararas\u0131 Okullar\u0131 hakk\u0131nda daha fazla bilgi edinin<\/span><\/span><\/a><\/div><\/div><\/div>\t\t\t\t<\/div>\n\t\t\t\t\t<\/div>\n\t\t\t\t<\/div>\n\t\t\t\t<\/div>\n\t\t","protected":false},"excerpt":{"rendered":"<p>Sultan International Sweets Ortaklar\u0131 G\u00fc\u00e7l\u00fc ve s\u00fcrd\u00fcr\u00fclebilir ortakl\u0131klar yoluyla ba\u015far\u0131ya ula\u015fmay\u0131 taahh\u00fct eder. Ba\u015far\u0131 ortaklar\u0131 \u015eam&#8217;da 2005 y\u0131l\u0131nda kurulan \u00f6nc\u00fc [&hellip;]<\/p>\n","protected":false},"author":1,"featured_media":0,"parent":0,"menu_order":0,"comment_status":"closed","ping_status":"closed","template":"","meta":{"footnotes":""},"class_list":["post-5751","page","type-page","status-publish","hentry"],"jetpack_sharing_enabled":true,"_links":{"self":[{"href":"https:\/\/alsultansweets.com\/tr\/wp-json\/wp\/v2\/pages\/5751","targetHints":{"allow":["GET"]}}],"collection":[{"href":"https:\/\/alsultansweets.com\/tr\/wp-json\/wp\/v2\/pages"}],"about":[{"href":"https:\/\/alsultansweets.com\/tr\/wp-json\/wp\/v2\/types\/page"}],"author":[{"embeddable":true,"href":"https:\/\/alsultansweets.com\/tr\/wp-json\/wp\/v2\/users\/1"}],"replies":[{"embeddable":true,"href":"https:\/\/alsultansweets.com\/tr\/wp-json\/wp\/v2\/comments?post=5751"}],"version-history":[{"count":8,"href":"https:\/\/alsultansweets.com\/tr\/wp-json\/wp\/v2\/pages\/5751\/revisions"}],"predecessor-version":[{"id":6251,"href":"https:\/\/alsultansweets.com\/tr\/wp-json\/wp\/v2\/pages\/5751\/revisions\/6251"}],"wp:attachment":[{"href":"https:\/\/alsultansweets.com\/tr\/wp-json\/wp\/v2\/media?parent=5751"}],"curies":[{"name":"wp","href":"https:\/\/api.w.org\/{rel}","templated":true}]}}