{"id":5672,"date":"2021-08-12T23:14:41","date_gmt":"2021-08-12T23:14:41","guid":{"rendered":"https:\/\/alsultansweets.com\/bize-ulasin\/"},"modified":"2025-08-24T11:15:21","modified_gmt":"2025-08-24T11:15:21","slug":"bize-ulasin","status":"publish","type":"page","link":"https:\/\/alsultansweets.com\/tr\/bize-ulasin\/","title":{"rendered":"Bize Ula\u015f\u0131n"},"content":{"rendered":"\t\t<div data-elementor-type=\"wp-page\" data-elementor-id=\"5672\" class=\"elementor elementor-5672 elementor-1270\">\n\t\t\t\t\t\t<section class=\"elementor-section elementor-top-section elementor-element elementor-element-d37b1fc elementor-section-height-min-height elementor-section-full_width elementor-section-stretched elementor-section-height-default elementor-section-items-middle e-parent\" data-id=\"d37b1fc\" data-element_type=\"section\" data-e-type=\"section\" data-settings=\"{&quot;background_background&quot;:&quot;classic&quot;,&quot;background_motion_fx_motion_fx_scrolling&quot;:&quot;yes&quot;,&quot;background_motion_fx_translateY_effect&quot;:&quot;yes&quot;,&quot;stretch_section&quot;:&quot;section-stretched&quot;,&quot;background_motion_fx_translateY_speed&quot;:{&quot;unit&quot;:&quot;px&quot;,&quot;size&quot;:3,&quot;sizes&quot;:[]},&quot;background_motion_fx_translateY_affectedRange&quot;:{&quot;unit&quot;:&quot;%&quot;,&quot;size&quot;:&quot;&quot;,&quot;sizes&quot;:{&quot;start&quot;:20,&quot;end&quot;:80}},&quot;background_motion_fx_devices&quot;:[&quot;mobile&quot;,&quot;mobile_extra&quot;,&quot;tablet&quot;,&quot;laptop&quot;,&quot;desktop&quot;]}\">\n\t\t\t\t\t\t\t<div class=\"elementor-background-overlay\"><\/div>\n\t\t\t\t\t\t\t<div class=\"elementor-container elementor-column-gap-no\">\n\t\t\t\t\t<div class=\"elementor-column elementor-col-50 elementor-top-column elementor-element elementor-element-e45ee82 lakit-col-width-auto-no\" data-id=\"e45ee82\" data-element_type=\"column\" data-e-type=\"column\">\n\t\t\t<div class=\"elementor-widget-wrap\">\n\t\t\t\t\t\t\t<\/div>\n\t\t<\/div>\n\t\t\t\t<div class=\"elementor-column elementor-col-50 elementor-top-column elementor-element elementor-element-b0f96c1 lakit-col-width-auto-no\" data-id=\"b0f96c1\" data-element_type=\"column\" data-e-type=\"column\">\n\t\t\t<div class=\"elementor-widget-wrap elementor-element-populated\">\n\t\t\t\t\t\t<div class=\"elementor-element elementor-element-ecd1bf1 elementor-widget elementor-widget-heading\" data-id=\"ecd1bf1\" data-element_type=\"widget\" data-e-type=\"widget\" data-widget_type=\"heading.default\">\n\t\t\t\t<div class=\"elementor-widget-container\">\n\t\t\t\t\t<h2 class=\"elementor-heading-title elementor-size-default\">  Sultan International Sweets ile ileti\u015fime ge\u00e7in\n<\/h2>\t\t\t\t<\/div>\n\t\t\t\t<\/div>\n\t\t\t\t<div class=\"elementor-element elementor-element-1b79e28 elementor-widget elementor-widget-text-editor\" data-id=\"1b79e28\" data-element_type=\"widget\" data-e-type=\"widget\" data-widget_type=\"text-editor.default\">\n\t\t\t\t<div class=\"elementor-widget-container\">\n\t\t\t\t\t\t\t\t\t<div class=\"container-fluid p-0\"><div class=\"col-lg-6 mx-auto\"><div class=\"lm green f-27 text-center pt-3 px-4 py-5 my-4\">Sizden haber almak isteriz<\/div><\/div><\/div>\t\t\t\t\t\t\t\t<\/div>\n\t\t\t\t<\/div>\n\t\t\t\t\t<\/div>\n\t\t<\/div>\n\t\t\t\t\t<\/div>\n\t\t<\/section>\n\t\t\t\t<section class=\"elementor-section elementor-top-section elementor-element elementor-element-849bdd7 elementor-section-boxed elementor-section-height-default elementor-section-height-default e-parent\" data-id=\"849bdd7\" data-element_type=\"section\" data-e-type=\"section\">\n\t\t\t\t\t\t<div class=\"elementor-container elementor-column-gap-default\">\n\t\t\t\t\t<div class=\"elementor-column elementor-col-33 elementor-top-column elementor-element elementor-element-a94be1a lakit-col-width-auto-no\" data-id=\"a94be1a\" data-element_type=\"column\" data-e-type=\"column\">\n\t\t\t<div class=\"elementor-widget-wrap elementor-element-populated\">\n\t\t\t\t\t\t<div class=\"elementor-element elementor-element-463de8d elementor-view-stacked elementor-shape-circle elementor-widget elementor-widget-icon\" data-id=\"463de8d\" data-element_type=\"widget\" data-e-type=\"widget\" data-widget_type=\"icon.default\">\n\t\t\t\t<div class=\"elementor-widget-container\">\n\t\t\t\t\t\t\t<div class=\"elementor-icon-wrapper\">\n\t\t\t<div class=\"elementor-icon\">\n\t\t\t<svg xmlns=\"http:\/\/www.w3.org\/2000\/svg\" width=\"300\" height=\"300\" viewBox=\"0 0 300 300\" class=\"lakit-font-icon-svg\" data-icon-name=\"pin-3-2\" data-icon-type=\"LaStudioIcons\"><path d=\"M132.9 1.2C89.1 7.5 51.3 41.4 41.1 83.1c-7.2 30-2.7 56.7 15.9 90.9 17.7 32.1 49.2 73.8 79.2 104.4l13.8 14.1 13.8-14.1c30.3-30.9 62.4-73.5 79.2-105 14.7-27.3 20.1-47.1 19.2-67.8-1.2-16.8-4.5-30-11.4-44.1-20.7-42.3-69-67.2-117.9-60.3m32.7 25.2c33.6 5.7 60.6 30 69 62.4 3.3 12.9 3.3 29.7 0 41.7-6 21-24.6 53.1-50.4 85.8-13.5 17.7-32.7 39.9-34.2 39.9s-20.7-22.5-34.8-40.5c-25.2-32.4-43.8-64.2-49.8-85.2-7.2-26.7.9-58.2 20.7-78.3C107.4 30 135.3 21 165.6 26.4m-22.8 36.9c-13.8 1.5-29.4 12.3-36.3 24.9-10.8 19.2-7.2 43.5 8.4 59.4 28.8 28.8 78 12.6 84.3-27.9 3.9-23.7-11.7-48-35.1-54.9-5.7-1.8-13.5-2.4-21.3-1.5m20.4 28.2c2.7 1.8 6 5.1 7.8 7.8 2.7 3.9 3 5.7 3 13.2s-.3 9.3-3.3 13.5c-1.5 2.4-5.1 6-7.5 7.5-3.6 2.7-5.7 3-13.2 3s-9.6-.3-13.2-3c-13.2-9-15.3-27.3-4.2-38.4 5.4-5.7 10.2-7.2 18.6-6.9 6 .3 8.7.9 12 3.3\" fill=\"currentColor\"\/><\/svg>\t\t\t<\/div>\n\t\t<\/div>\n\t\t\t\t\t\t<\/div>\n\t\t\t\t<\/div>\n\t\t\t\t<div class=\"elementor-element elementor-element-33914bb elementor-widget elementor-widget-heading\" data-id=\"33914bb\" data-element_type=\"widget\" data-e-type=\"widget\" data-widget_type=\"heading.default\">\n\t\t\t\t<div class=\"elementor-widget-container\">\n\t\t\t\t\t<div class=\"elementor-heading-title elementor-size-default\">Sultan International \u015eirket Web Sitesi<\/div>\t\t\t\t<\/div>\n\t\t\t\t<\/div>\n\t\t\t\t<div class=\"elementor-element elementor-element-52e42a4 elementor-widget elementor-widget-text-editor\" data-id=\"52e42a4\" data-element_type=\"widget\" data-e-type=\"widget\" data-widget_type=\"text-editor.default\">\n\t\t\t\t<div class=\"elementor-widget-container\">\n\t\t\t\t\t\t\t\t\t<p>Br. 1 Ak\u015femsettin, Balipa\u015fa Cd No:150, 34080 D:F, 34080 Fatih\/\u0130stanbul<\/p>\t\t\t\t\t\t\t\t<\/div>\n\t\t\t\t<\/div>\n\t\t\t\t\t<\/div>\n\t\t<\/div>\n\t\t\t\t<div class=\"elementor-column elementor-col-33 elementor-top-column elementor-element elementor-element-081a04d lakit-col-width-auto-no\" data-id=\"081a04d\" data-element_type=\"column\" data-e-type=\"column\">\n\t\t\t<div class=\"elementor-widget-wrap elementor-element-populated\">\n\t\t\t\t\t\t<div class=\"elementor-element elementor-element-f6be1d5 elementor-view-stacked elementor-shape-circle elementor-widget elementor-widget-icon\" data-id=\"f6be1d5\" data-element_type=\"widget\" data-e-type=\"widget\" data-widget_type=\"icon.default\">\n\t\t\t\t<div class=\"elementor-widget-container\">\n\t\t\t\t\t\t\t<div class=\"elementor-icon-wrapper\">\n\t\t\t<div class=\"elementor-icon\">\n\t\t\t<svg xmlns=\"http:\/\/www.w3.org\/2000\/svg\" width=\"300\" height=\"300\" viewBox=\"0 0 300 300\" class=\"lakit-font-icon-svg\" data-icon-name=\"phone-2\" data-icon-type=\"LaStudioIcons\"><path d=\"M24 32.7L-.3 57.3l.6 15.6C5.1 168 62.4 248.4 150.9 283.5c23.4 9.3 49.2 14.7 76.2 16.2l15.6.6 24.6-24.3c13.5-13.5 24.6-25.2 24.6-25.8s-18-18.9-39.6-40.8l-39.6-39.6-18.6 18.9-18.9 18.6-41.4-41.1-41.1-41.4 18.6-18.9 18.9-18.6-39.6-39.6C68.7 26.1 50.4 8.1 49.8 8.1S37.5 19.2 24 32.7m48.9 32.7l21.9 21.9-18.6 18.6-18.9 18.9 59.1 58.8 58.8 59.1 18.9-18.9 18.6-18.6 22.2 22.2 22.2 22.2-12.9 12.9-12.6 12.9-12.3-1.2c-34.5-3.3-64.8-13.5-93.9-31.5-56.7-35.4-94.2-96.3-99.6-162.3l-.9-12 12.6-12.6c6.6-6.9 12.6-12.6 12.9-12.6s10.5 9.9 22.5 22.2\" fill=\"currentColor\"\/><\/svg>\t\t\t<\/div>\n\t\t<\/div>\n\t\t\t\t\t\t<\/div>\n\t\t\t\t<\/div>\n\t\t\t\t<div class=\"elementor-element elementor-element-78ad570 elementor-widget elementor-widget-heading\" data-id=\"78ad570\" data-element_type=\"widget\" data-e-type=\"widget\" data-widget_type=\"heading.default\">\n\t\t\t\t<div class=\"elementor-widget-container\">\n\t\t\t\t\t<div class=\"elementor-heading-title elementor-size-default\">\u0130leti\u015fim Numaras\u0131<\/div>\t\t\t\t<\/div>\n\t\t\t\t<\/div>\n\t\t\t\t<div class=\"elementor-element elementor-element-90b4d83 elementor-widget elementor-widget-text-editor\" data-id=\"90b4d83\" data-element_type=\"widget\" data-e-type=\"widget\" data-widget_type=\"text-editor.default\">\n\t\t\t\t<div class=\"elementor-widget-container\">\n\t\t\t\t\t\t\t\t\t<div class=\"col-lg-4 col-md-4 col-sm-6 contactsec01_row01_col02_row_col02\"><div class=\"f-15 contact-co nlr\"><a href=\"tel:905523223103\">00905523223103<\/a><\/div><\/div><div class=\"col-lg-4 col-md-4 col-sm-6 contactsec01_row01_col02_row_col03\"><div class=\"box\"> <\/div><\/div>\t\t\t\t\t\t\t\t<\/div>\n\t\t\t\t<\/div>\n\t\t\t\t\t<\/div>\n\t\t<\/div>\n\t\t\t\t<div class=\"elementor-column elementor-col-33 elementor-top-column elementor-element elementor-element-9d75c2e lakit-col-width-auto-no\" data-id=\"9d75c2e\" data-element_type=\"column\" data-e-type=\"column\">\n\t\t\t<div class=\"elementor-widget-wrap elementor-element-populated\">\n\t\t\t\t\t\t<div class=\"elementor-element elementor-element-65484cd elementor-view-stacked elementor-shape-circle elementor-widget elementor-widget-icon\" data-id=\"65484cd\" data-element_type=\"widget\" data-e-type=\"widget\" data-widget_type=\"icon.default\">\n\t\t\t\t<div class=\"elementor-widget-container\">\n\t\t\t\t\t\t\t<div class=\"elementor-icon-wrapper\">\n\t\t\t<div class=\"elementor-icon\">\n\t\t\t<svg xmlns=\"http:\/\/www.w3.org\/2000\/svg\" width=\"300\" height=\"300\" viewBox=\"0 0 300 300\" class=\"lakit-font-icon-svg\" data-icon-name=\"mail\" data-icon-type=\"LaStudioIcons\"><path d=\"M27 26.1c-3.6.9-8.1 2.4-10.2 3.6-5.1 2.7-11.4 10.2-14.1 16.8C.6 51.9.6 56.7.6 150.6V249l2.7 6c4.8 10.5 13.2 17.1 25.2 19.2 9.9 1.8 233.1 1.8 243 0 12-2.1 20.4-8.7 25.2-19.2l2.7-6v-98.4c0-93.9 0-98.7-2.1-104.1-2.7-6.9-9-14.1-14.7-17.1-2.4-1.2-7.5-2.7-11.4-3.6C261 24 35.7 24.3 27 26.1m225.6 26.4c-1.5 1.2-24.9 22.2-52.2 47.1s-49.8 45-50.4 45-23.1-20.1-50.4-45-50.7-45.9-52.2-47.1c-2.1-1.8 3.3-2.1 102.6-2.1s104.7.3 102.6 2.1M91.8 126.3l58.2 53.1 62.4-56.7 62.4-57 .3 85.8c.3 47.1 0 87.6-.3 89.7s-1.8 4.8-3 6c-2.1 2.4-5.1 2.4-121.8 2.4-115.8 0-119.4 0-122.1-2.1l-2.7-2.4-.3-90-.3-90 4.5 4.2c2.4 2.4 30.6 27.9 62.7 57\" fill=\"currentColor\"\/><\/svg>\t\t\t<\/div>\n\t\t<\/div>\n\t\t\t\t\t\t<\/div>\n\t\t\t\t<\/div>\n\t\t\t\t<div class=\"elementor-element elementor-element-3e265d8 elementor-widget elementor-widget-heading\" data-id=\"3e265d8\" data-element_type=\"widget\" data-e-type=\"widget\" data-widget_type=\"heading.default\">\n\t\t\t\t<div class=\"elementor-widget-container\">\n\t\t\t\t\t<div class=\"elementor-heading-title elementor-size-default\">E-posta<\/div>\t\t\t\t<\/div>\n\t\t\t\t<\/div>\n\t\t\t\t<div class=\"elementor-element elementor-element-79b7f94 elementor-widget elementor-widget-text-editor\" data-id=\"79b7f94\" data-element_type=\"widget\" data-e-type=\"widget\" data-widget_type=\"text-editor.default\">\n\t\t\t\t<div class=\"elementor-widget-container\">\n\t\t\t\t\t\t\t\t\t<p><a href=\"mailto:info@alsultansweets.com\">info@alsultansweets.com<\/a><\/p>\t\t\t\t\t\t\t\t<\/div>\n\t\t\t\t<\/div>\n\t\t\t\t\t<\/div>\n\t\t<\/div>\n\t\t\t\t\t<\/div>\n\t\t<\/section>\n\t\t\t\t<section class=\"elementor-section elementor-top-section elementor-element elementor-element-19558a7 elementor-section-boxed elementor-section-height-default elementor-section-height-default e-parent\" data-id=\"19558a7\" data-element_type=\"section\" data-e-type=\"section\">\n\t\t\t\t\t\t<div class=\"elementor-container elementor-column-gap-no\">\n\t\t\t\t\t<div class=\"elementor-column elementor-col-100 elementor-top-column elementor-element elementor-element-24d76cb lakit-col-width-auto-no\" data-id=\"24d76cb\" data-element_type=\"column\" data-e-type=\"column\" data-settings=\"{&quot;background_background&quot;:&quot;classic&quot;}\">\n\t\t\t<div class=\"elementor-widget-wrap elementor-element-populated\">\n\t\t\t\t\t\t<div class=\"elementor-element elementor-element-0e016c2 elementor-widget elementor-widget-heading\" data-id=\"0e016c2\" data-element_type=\"widget\" data-e-type=\"widget\" data-widget_type=\"heading.default\">\n\t\t\t\t<div class=\"elementor-widget-container\">\n\t\t\t\t\t<h2 class=\"elementor-heading-title elementor-size-default\">Her t\u00fcrl\u00fc soru .... adresine g\u00f6nderilebilir.<\/h2>\t\t\t\t<\/div>\n\t\t\t\t<\/div>\n\t\t\t\t<div class=\"elementor-element elementor-element-f6c4e85 elementor-widget lastudio-kit elementor-lakit-contactform7\" data-id=\"f6c4e85\" data-element_type=\"widget\" data-e-type=\"widget\" data-widget_type=\"lakit-contactform7.default\">\n\t\t\t\t\t\n<div class=\"wpcf7 no-js\" id=\"wpcf7-f5865-o1\" lang=\"tr-TR\" dir=\"ltr\" data-wpcf7-id=\"5865\">\n<div class=\"screen-reader-response\"><p role=\"status\" aria-live=\"polite\" aria-atomic=\"true\"><\/p> <ul><\/ul><\/div>\n<form action=\"\/tr\/wp-json\/wp\/v2\/pages\/5672#wpcf7-f5865-o1\" method=\"post\" class=\"wpcf7-form init\" aria-label=\"\u0130leti\u015fim Formu\" novalidate=\"novalidate\" data-status=\"init\">\n<fieldset class=\"hidden-fields-container\"><input type=\"hidden\" name=\"_wpcf7\" value=\"5865\" \/><input type=\"hidden\" name=\"_wpcf7_version\" value=\"6.1.5\" \/><input type=\"hidden\" name=\"_wpcf7_locale\" value=\"tr_TR\" \/><input type=\"hidden\" name=\"_wpcf7_unit_tag\" value=\"wpcf7-f5865-o1\" \/><input type=\"hidden\" name=\"_wpcf7_container_post\" value=\"0\" \/><input type=\"hidden\" name=\"_wpcf7_posted_data_hash\" value=\"\" \/>\n<\/fieldset>\n<div class=\"lakit-row gap-14 ltr-form\">\n\t<div class=\"lakit-col\">\n\t\t<label for=\"first-name\">\u0130sim*<\/label>\n\t\t<span class=\"wpcf7-form-control-wrap\" data-name=\"first-name\"><input size=\"40\" maxlength=\"400\" class=\"wpcf7-form-control wpcf7-text wpcf7-validates-as-required\" aria-required=\"true\" aria-invalid=\"false\" value=\"\" type=\"text\" name=\"first-name\" \/><\/span>\n\t<\/div>\n\t<div class=\"lakit-col\">\n\t\t<label for=\"last-name\">Soyisim*<\/label>\n\t\t<span class=\"wpcf7-form-control-wrap\" data-name=\"last-name\"><input size=\"40\" maxlength=\"400\" class=\"wpcf7-form-control wpcf7-text wpcf7-validates-as-required\" aria-required=\"true\" aria-invalid=\"false\" value=\"\" type=\"text\" name=\"last-name\" \/><\/span>\n\t<\/div>\n<\/div>\n<div class=\"lakit-row gap-14 ltr-form\">\n\t<div class=\"lakit-col\">\n\t\t<label for=\"your-email\">E-posta*<\/label>\n\t\t<span class=\"wpcf7-form-control-wrap\" data-name=\"your-email\"><input size=\"40\" maxlength=\"400\" class=\"wpcf7-form-control wpcf7-email wpcf7-validates-as-required wpcf7-text wpcf7-validates-as-email\" aria-required=\"true\" aria-invalid=\"false\" value=\"\" type=\"email\" name=\"your-email\" \/><\/span>\n\t<\/div>\n<\/div>\n<div class=\"lakit-row gap-14 ltr-form\">\n\t<div class=\"lakit-col\">\n\t\t<label for=\"your-message\">Mesaj*<\/label>\n\t\t<span class=\"wpcf7-form-control-wrap\" data-name=\"your-message\"><textarea cols=\"40\" rows=\"10\" maxlength=\"2000\" class=\"wpcf7-form-control wpcf7-textarea wpcf7-validates-as-required\" aria-required=\"true\" aria-invalid=\"false\" name=\"your-message\"><\/textarea><\/span>\n\t<\/div>\n<\/div>\n<div class=\"lakit-row gap-14 text-center ltr-form\">\n\t<div class=\"lakit-col\"><input class=\"wpcf7-form-control wpcf7-submit has-spinner\" type=\"submit\" value=\"G\u00f6nder\" \/><\/div>\n<\/div><p style=\"display: none !important;\" class=\"akismet-fields-container\" data-prefix=\"_wpcf7_ak_\"><label>&#916;<textarea name=\"_wpcf7_ak_hp_textarea\" cols=\"45\" rows=\"8\" maxlength=\"100\"><\/textarea><\/label><input type=\"hidden\" id=\"ak_js_1\" name=\"_wpcf7_ak_js\" value=\"214\"\/><script>document.getElementById( \"ak_js_1\" ).setAttribute( \"value\", ( new Date() ).getTime() );<\/script><\/p><div class=\"wpcf7-response-output\" aria-hidden=\"true\"><\/div>\n<\/form>\n<\/div>\n\t\t\t\t<\/div>\n\t\t\t\t\t<\/div>\n\t\t<\/div>\n\t\t\t\t\t<\/div>\n\t\t<\/section>\n\t\t\t\t<section class=\"elementor-section elementor-top-section elementor-element elementor-element-e822f1f elementor-section-full_width elementor-section-height-default elementor-section-height-default e-parent\" data-id=\"e822f1f\" data-element_type=\"section\" data-e-type=\"section\">\n\t\t\t\t\t\t<div class=\"elementor-container elementor-column-gap-no\">\n\t\t\t\t\t<div class=\"elementor-column elementor-col-100 elementor-top-column elementor-element elementor-element-19ebb89 lakit-col-width-auto-no\" data-id=\"19ebb89\" data-element_type=\"column\" data-e-type=\"column\">\n\t\t\t<div class=\"elementor-widget-wrap elementor-element-populated\">\n\t\t\t\t\t\t<div class=\"elementor-element elementor-element-e83f8d8 elementor-widget elementor-widget-google_maps\" data-id=\"e83f8d8\" data-element_type=\"widget\" data-e-type=\"widget\" data-widget_type=\"google_maps.default\">\n\t\t\t\t<div class=\"elementor-widget-container\">\n\t\t\t\t\t\t\t<div class=\"elementor-custom-embed\">\n\t\t\t<iframe loading=\"lazy\"\n\t\t\t\t\tsrc=\"https:\/\/maps.google.com\/maps?q=%20Ak%C5%9Femsettin%2C%20Balipa%C5%9Fa%20Cd%20No%3A150%2C%2034080%20D%3AF%2C%2034080%20Fatih%2F%C4%B0stanbul&#038;t=m&#038;z=18&#038;output=embed&#038;iwloc=near\"\n\t\t\t\t\ttitle=\" Ak\u015femsettin, Balipa\u015fa Cd No:150, 34080 D:F, 34080 Fatih\/\u0130stanbul\"\n\t\t\t\t\taria-label=\" Ak\u015femsettin, Balipa\u015fa Cd No:150, 34080 D:F, 34080 Fatih\/\u0130stanbul\"\n\t\t\t><\/iframe>\n\t\t<\/div>\n\t\t\t\t\t\t<\/div>\n\t\t\t\t<\/div>\n\t\t\t\t\t<\/div>\n\t\t<\/div>\n\t\t\t\t\t<\/div>\n\t\t<\/section>\n\t\t\t\t<\/div>\n\t\t","protected":false},"excerpt":{"rendered":"<p>Sultan International Sweets ile ileti\u015fime ge\u00e7in Sizden haber almak isteriz Sultan International \u015eirket Web Sitesi Br. 1 Ak\u015femsettin, Balipa\u015fa Cd [&hellip;]<\/p>\n","protected":false},"author":1,"featured_media":0,"parent":0,"menu_order":0,"comment_status":"closed","ping_status":"closed","template":"","meta":{"footnotes":""},"class_list":["post-5672","page","type-page","status-publish","hentry"],"jetpack_sharing_enabled":true,"_links":{"self":[{"href":"https:\/\/alsultansweets.com\/tr\/wp-json\/wp\/v2\/pages\/5672","targetHints":{"allow":["GET"]}}],"collection":[{"href":"https:\/\/alsultansweets.com\/tr\/wp-json\/wp\/v2\/pages"}],"about":[{"href":"https:\/\/alsultansweets.com\/tr\/wp-json\/wp\/v2\/types\/page"}],"author":[{"embeddable":true,"href":"https:\/\/alsultansweets.com\/tr\/wp-json\/wp\/v2\/users\/1"}],"replies":[{"embeddable":true,"href":"https:\/\/alsultansweets.com\/tr\/wp-json\/wp\/v2\/comments?post=5672"}],"version-history":[{"count":4,"href":"https:\/\/alsultansweets.com\/tr\/wp-json\/wp\/v2\/pages\/5672\/revisions"}],"predecessor-version":[{"id":5678,"href":"https:\/\/alsultansweets.com\/tr\/wp-json\/wp\/v2\/pages\/5672\/revisions\/5678"}],"wp:attachment":[{"href":"https:\/\/alsultansweets.com\/tr\/wp-json\/wp\/v2\/media?parent=5672"}],"curies":[{"name":"wp","href":"https:\/\/api.w.org\/{rel}","templated":true}]}}